{"id":43,"date":"2020-06-11T12:31:12","date_gmt":"2020-06-11T09:31:12","guid":{"rendered":"https:\/\/stg.blueglass.ee\/autoprof\/?page_id=43"},"modified":"2024-11-27T11:13:21","modified_gmt":"2024-11-27T08:13:21","slug":"ll","status":"publish","type":"page","link":"https:\/\/www.autoprof.ee\/et\/","title":{"rendered":"Avaleht"},"content":{"rendered":"\t\t<div data-elementor-type=\"wp-page\" data-elementor-id=\"43\" class=\"elementor elementor-43\" data-elementor-post-type=\"page\">\n\t\t\t\t\t\t<section class=\"elementor-section elementor-top-section elementor-element elementor-element-e6de5d4 elementor-section-full_width elementor-section-height-default elementor-section-height-default\" data-id=\"e6de5d4\" data-element_type=\"section\" id=\"XZ\" data-settings=\"{&quot;shape_divider_bottom&quot;:&quot;triangle&quot;,&quot;shape_divider_bottom_negative&quot;:&quot;yes&quot;}\">\n\t\t\t\t\t<div class=\"elementor-shape elementor-shape-bottom\" aria-hidden=\"true\" data-negative=\"true\">\n\t\t\t<svg xmlns=\"http:\/\/www.w3.org\/2000\/svg\" viewBox=\"0 0 1000 100\" preserveAspectRatio=\"none\">\n\t<path class=\"elementor-shape-fill\" d=\"M500.2,94.7L0,0v100h1000V0L500.2,94.7z\"\/>\n<\/svg>\t\t<\/div>\n\t\t\t\t\t<div class=\"elementor-container elementor-column-gap-no\">\n\t\t\t\t\t<div class=\"elementor-column elementor-col-100 elementor-top-column elementor-element elementor-element-002c931\" data-id=\"002c931\" data-element_type=\"column\">\n\t\t\t<div class=\"elementor-widget-wrap elementor-element-populated\">\n\t\t\t\t\t\t<div class=\"elementor-element elementor-element-160d42d elementor--h-position-center elementor--v-position-middle elementor-arrows-position-inside elementor-pagination-position-inside elementor-widget elementor-widget-slides\" data-id=\"160d42d\" data-element_type=\"widget\" data-settings=\"{&quot;autoplay_speed&quot;:10000,&quot;transition_speed&quot;:900,&quot;navigation&quot;:&quot;both&quot;,&quot;autoplay&quot;:&quot;yes&quot;,&quot;pause_on_hover&quot;:&quot;yes&quot;,&quot;pause_on_interaction&quot;:&quot;yes&quot;,&quot;infinite&quot;:&quot;yes&quot;,&quot;transition&quot;:&quot;slide&quot;}\" data-widget_type=\"slides.default\">\n\t\t\t\t<div class=\"elementor-widget-container\">\n\t\t\t\t\t\t\t\t\t<div class=\"elementor-swiper\">\n\t\t\t\t\t<div class=\"elementor-slides-wrapper elementor-main-swiper swiper\" role=\"region\" aria-roledescription=\"carousel\" aria-label=\"Slides\" dir=\"ltr\" data-animation=\"fadeInUp\">\n\t\t\t\t<div class=\"swiper-wrapper elementor-slides\">\n\t\t\t\t\t\t\t\t\t\t<div class=\"elementor-repeater-item-913258b swiper-slide\" role=\"group\" aria-roledescription=\"slide\"><div class=\"swiper-slide-bg elementor-ken-burns elementor-ken-burns--in\" role=\"img\" aria-label=\"IMG_20180719_161509\"><\/div><div class=\"swiper-slide-inner\" ><div class=\"swiper-slide-contents\"><div class=\"elementor-slide-heading\"><h1>Autoremont ja hooldus Tallinnas<\/h1><\/div><a href=\"https:\/\/www.autoprof.ee\/kontakt\/\" class=\"elementor-button elementor-slide-button elementor-size-sm\">BRONEERI AEG<\/a><\/div><\/div><\/div><div class=\"elementor-repeater-item-2693602 swiper-slide\" role=\"group\" aria-roledescription=\"slide\"><div class=\"swiper-slide-bg elementor-ken-burns elementor-ken-burns--in\" role=\"img\" aria-label=\"IMG_20180919_160232-scaled\"><\/div><div class=\"swiper-slide-inner\" ><div class=\"swiper-slide-contents\"><div class=\"elementor-slide-heading\">Meie teenused<\/div><div class=\"elementor-slide-description\">Meil on hea meel tervitada teid Autoprofi teeninduskeskuses ja pakkuda teie s\u00f5idukile laia valikut hooldus -, diagnostika-ja remonditeenuseid.<\/div><a href=\"https:\/\/www.autoprof.ee\/et\/p_teenused\/\" class=\"elementor-button elementor-slide-button elementor-size-sm\">K\u00d5IKI TEENUSEID<\/a><\/div><\/div><\/div><div class=\"elementor-repeater-item-b00eabc swiper-slide\" role=\"group\" aria-roledescription=\"slide\"><div class=\"swiper-slide-bg elementor-ken-burns elementor-ken-burns--in\" role=\"img\" aria-label=\"2023-07-06\"><\/div><div class=\"swiper-slide-inner\" ><div class=\"swiper-slide-contents\"><div class=\"elementor-slide-heading\">Vabade ametikohtadega<\/div><div class=\"elementor-slide-description\">Oleme kaasaegne autoteenindus, mis pakub laia valikut autoremondi- ja hooldusteenuseid. Seoses \u00e4ri laienemisega otsime meeskonda kvalifitseeritud spetsialiste.<\/div><a href=\"https:\/\/www.autoprof.ee\/et\/Vabade-ametikohtadega\" class=\"elementor-button elementor-slide-button elementor-size-sm\">TUTVUN VABADE AMETIKOHTADEGA<\/a><\/div><\/div><\/div>\t\t\t\t<\/div>\n\t\t\t\t\t\t\t\t\t\t\t\t\t\t\t<div class=\"elementor-swiper-button elementor-swiper-button-prev\" role=\"button\" tabindex=\"0\" aria-label=\"Previous slide\">\n\t\t\t\t\t\t\t<i aria-hidden=\"true\" class=\"eicon-chevron-left\"><\/i>\t\t\t\t\t\t<\/div>\n\t\t\t\t\t\t<div class=\"elementor-swiper-button elementor-swiper-button-next\" role=\"button\" tabindex=\"0\" aria-label=\"Next slide\">\n\t\t\t\t\t\t\t<i aria-hidden=\"true\" class=\"eicon-chevron-right\"><\/i>\t\t\t\t\t\t<\/div>\n\t\t\t\t\t\t\t\t\t\t\t\t\t\t\t\t<div class=\"swiper-pagination\"><\/div>\n\t\t\t\t\t\t\t\t\t\t\t\t<\/div>\n\t\t\t\t<\/div>\n\t\t\t\t\t\t\t\t<\/div>\n\t\t\t\t<\/div>\n\t\t\t\t\t<\/div>\n\t\t<\/div>\n\t\t\t\t\t<\/div>\n\t\t<\/section>\n\t\t\t\t<section class=\"elementor-section elementor-top-section elementor-element elementor-element-ffaccd5 elementor-section-boxed elementor-section-height-default elementor-section-height-default\" data-id=\"ffaccd5\" data-element_type=\"section\" data-settings=\"{&quot;background_background&quot;:&quot;classic&quot;,&quot;background_image&quot;:{&quot;url&quot;:&quot;&quot;,&quot;id&quot;:&quot;&quot;,&quot;size&quot;:&quot;&quot;}}\">\n\t\t\t\t\t\t<div class=\"elementor-container elementor-column-gap-default\">\n\t\t\t\t\t<div class=\"elementor-column elementor-col-100 elementor-top-column elementor-element elementor-element-d9c54dc\" data-id=\"d9c54dc\" data-element_type=\"column\">\n\t\t\t<div class=\"elementor-widget-wrap elementor-element-populated\">\n\t\t\t\t\t\t<div class=\"elementor-element elementor-element-1347f66 elementor-widget elementor-widget-heading\" data-id=\"1347f66\" data-element_type=\"widget\" data-widget_type=\"heading.default\">\n\t\t\t\t<div class=\"elementor-widget-container\">\n\t\t\t\t\t<h2 class=\"elementor-heading-title elementor-size-default\">Meie teenused<\/h2>\t\t\t\t<\/div>\n\t\t\t\t<\/div>\n\t\t\t\t\t<\/div>\n\t\t<\/div>\n\t\t\t\t\t<\/div>\n\t\t<\/section>\n\t\t\t\t<section class=\"elementor-section elementor-top-section elementor-element elementor-element-0a52998 elementor-section-boxed elementor-section-height-default elementor-section-height-default\" data-id=\"0a52998\" data-element_type=\"section\">\n\t\t\t\t\t\t<div class=\"elementor-container elementor-column-gap-default\">\n\t\t\t\t\t<div class=\"elementor-column elementor-col-20 elementor-top-column elementor-element elementor-element-8f39eb7\" data-id=\"8f39eb7\" data-element_type=\"column\">\n\t\t\t<div class=\"elementor-widget-wrap elementor-element-populated\">\n\t\t\t\t\t\t<div class=\"elementor-element elementor-element-d54ec8a elementor-position-top elementor-widget elementor-widget-image-box\" data-id=\"d54ec8a\" data-element_type=\"widget\" data-widget_type=\"image-box.default\">\n\t\t\t\t<div class=\"elementor-widget-container\">\n\t\t\t\t\t<div class=\"elementor-image-box-wrapper\"><figure class=\"elementor-image-box-img\"><a href=\"https:\/\/www.autoprof.ee\/et\/services-n\/arvutidiagnostika\/\" tabindex=\"-1\"><img decoding=\"async\" src=\"https:\/\/www.autoprof.ee\/wp-content\/uploads\/2024\/10\/diagnostic-1.svg\" title=\"diagnostic\" alt=\"diagnostic\" class=\"elementor-animation-bounce-in\" loading=\"lazy\" \/><\/a><\/figure><div class=\"elementor-image-box-content\"><h3 class=\"elementor-image-box-title\"><a href=\"https:\/\/www.autoprof.ee\/et\/services-n\/arvutidiagnostika\/\">Diagnostika<\/a><\/h3><\/div><\/div>\t\t\t\t<\/div>\n\t\t\t\t<\/div>\n\t\t\t\t\t<\/div>\n\t\t<\/div>\n\t\t\t\t<div class=\"elementor-column elementor-col-20 elementor-top-column elementor-element elementor-element-edad59f\" data-id=\"edad59f\" data-element_type=\"column\">\n\t\t\t<div class=\"elementor-widget-wrap elementor-element-populated\">\n\t\t\t\t\t\t<div class=\"elementor-element elementor-element-d48b245 elementor-position-top elementor-widget elementor-widget-image-box\" data-id=\"d48b245\" data-element_type=\"widget\" data-widget_type=\"image-box.default\">\n\t\t\t\t<div class=\"elementor-widget-container\">\n\t\t\t\t\t<div class=\"elementor-image-box-wrapper\"><figure class=\"elementor-image-box-img\"><a href=\"https:\/\/www.autoprof.ee\/et\/services-n\/veermiku-remont-ja-hooldus\/\" tabindex=\"-1\"><img decoding=\"async\" width=\"61\" height=\"61\" src=\"https:\/\/www.autoprof.ee\/wp-content\/uploads\/2020\/06\/repair-1.svg\" class=\"elementor-animation-bounce-in attachment-full size-full wp-image-56\" alt=\"\" \/><\/a><\/figure><div class=\"elementor-image-box-content\"><h3 class=\"elementor-image-box-title\"><a href=\"https:\/\/www.autoprof.ee\/et\/services-n\/veermiku-remont-ja-hooldus\/\">Remont<\/a><\/h3><\/div><\/div>\t\t\t\t<\/div>\n\t\t\t\t<\/div>\n\t\t\t\t\t<\/div>\n\t\t<\/div>\n\t\t\t\t<div class=\"elementor-column elementor-col-20 elementor-top-column elementor-element elementor-element-a3eb66a\" data-id=\"a3eb66a\" data-element_type=\"column\">\n\t\t\t<div class=\"elementor-widget-wrap elementor-element-populated\">\n\t\t\t\t\t\t<div class=\"elementor-element elementor-element-89ec761 elementor-position-top elementor-widget elementor-widget-image-box\" data-id=\"89ec761\" data-element_type=\"widget\" data-widget_type=\"image-box.default\">\n\t\t\t\t<div class=\"elementor-widget-container\">\n\t\t\t\t\t<div class=\"elementor-image-box-wrapper\"><figure class=\"elementor-image-box-img\"><a href=\"https:\/\/www.autoprof.ee\/et\/services-n\/rehvitood\/\" tabindex=\"-1\"><img decoding=\"async\" width=\"60\" height=\"60\" src=\"https:\/\/www.autoprof.ee\/wp-content\/uploads\/2020\/06\/car-1.svg\" class=\"elementor-animation-bounce-in attachment-full size-full wp-image-239\" alt=\"\" \/><\/a><\/figure><div class=\"elementor-image-box-content\"><h3 class=\"elementor-image-box-title\"><a href=\"https:\/\/www.autoprof.ee\/et\/services-n\/rehvitood\/\">Rehvit\u00f6\u00f6d<\/a><\/h3><\/div><\/div>\t\t\t\t<\/div>\n\t\t\t\t<\/div>\n\t\t\t\t\t<\/div>\n\t\t<\/div>\n\t\t\t\t<div class=\"elementor-column elementor-col-20 elementor-top-column elementor-element elementor-element-9cb7103\" data-id=\"9cb7103\" data-element_type=\"column\">\n\t\t\t<div class=\"elementor-widget-wrap elementor-element-populated\">\n\t\t\t\t\t\t<div class=\"elementor-element elementor-element-93146c0 elementor-position-top elementor-widget elementor-widget-image-box\" data-id=\"93146c0\" data-element_type=\"widget\" data-widget_type=\"image-box.default\">\n\t\t\t\t<div class=\"elementor-widget-container\">\n\t\t\t\t\t<div class=\"elementor-image-box-wrapper\"><figure class=\"elementor-image-box-img\"><a href=\"https:\/\/www.autoprof.ee\/et\/services-n\/lisaseadmete-paigaldamine\/\" tabindex=\"-1\"><img decoding=\"async\" width=\"57\" height=\"57\" src=\"https:\/\/www.autoprof.ee\/wp-content\/uploads\/2020\/06\/battery-1.svg\" class=\"elementor-animation-bounce-in attachment-full size-full wp-image-57\" alt=\"\" \/><\/a><\/figure><div class=\"elementor-image-box-content\"><h3 class=\"elementor-image-box-title\"><a href=\"https:\/\/www.autoprof.ee\/et\/services-n\/lisaseadmete-paigaldamine\/\">Lisavarustus<\/a><\/h3><\/div><\/div>\t\t\t\t<\/div>\n\t\t\t\t<\/div>\n\t\t\t\t\t<\/div>\n\t\t<\/div>\n\t\t\t\t<div class=\"elementor-column elementor-col-20 elementor-top-column elementor-element elementor-element-9c0d64f\" data-id=\"9c0d64f\" data-element_type=\"column\">\n\t\t\t<div class=\"elementor-widget-wrap elementor-element-populated\">\n\t\t\t\t\t\t<div class=\"elementor-element elementor-element-2379f99 elementor-position-top elementor-widget elementor-widget-image-box\" data-id=\"2379f99\" data-element_type=\"widget\" data-widget_type=\"image-box.default\">\n\t\t\t\t<div class=\"elementor-widget-container\">\n\t\t\t\t\t<div class=\"elementor-image-box-wrapper\"><figure class=\"elementor-image-box-img\"><a href=\"https:\/\/www.autoprof.ee\/et\/services-n\/korraline-hooldus\/\" tabindex=\"-1\"><img loading=\"lazy\" decoding=\"async\" width=\"61\" height=\"61\" src=\"https:\/\/www.autoprof.ee\/wp-content\/uploads\/2020\/06\/car-service-1.svg\" class=\"elementor-animation-bounce-in attachment-full size-full wp-image-58\" alt=\"\" \/><\/a><\/figure><div class=\"elementor-image-box-content\"><h3 class=\"elementor-image-box-title\"><a href=\"https:\/\/www.autoprof.ee\/et\/services-n\/korraline-hooldus\/\">Hooldus<\/a><\/h3><\/div><\/div>\t\t\t\t<\/div>\n\t\t\t\t<\/div>\n\t\t\t\t\t<\/div>\n\t\t<\/div>\n\t\t\t\t\t<\/div>\n\t\t<\/section>\n\t\t\t\t<section class=\"elementor-section elementor-top-section elementor-element elementor-element-724bc8d elementor-section-boxed elementor-section-height-default elementor-section-height-default\" data-id=\"724bc8d\" data-element_type=\"section\">\n\t\t\t\t\t\t<div class=\"elementor-container elementor-column-gap-default\">\n\t\t\t\t\t<div class=\"elementor-column elementor-col-100 elementor-top-column elementor-element elementor-element-c91a909\" data-id=\"c91a909\" data-element_type=\"column\">\n\t\t\t<div class=\"elementor-widget-wrap elementor-element-populated\">\n\t\t\t\t\t\t<div class=\"elementor-element elementor-element-3e5c110 elementor-align-center elementor-widget elementor-widget-button\" data-id=\"3e5c110\" data-element_type=\"widget\" data-widget_type=\"button.default\">\n\t\t\t\t<div class=\"elementor-widget-container\">\n\t\t\t\t\t\t\t\t\t<div class=\"elementor-button-wrapper\">\n\t\t\t\t\t<a class=\"elementor-button elementor-button-link elementor-size-sm\" href=\"https:\/\/www.autoprof.ee\/et\/p_teenused\/\">\n\t\t\t\t\t\t<span class=\"elementor-button-content-wrapper\">\n\t\t\t\t\t\t\t\t\t<span class=\"elementor-button-text\">LOE K\u00d5IKI TEENUSEID <\/span>\n\t\t\t\t\t<\/span>\n\t\t\t\t\t<\/a>\n\t\t\t\t<\/div>\n\t\t\t\t\t\t\t\t<\/div>\n\t\t\t\t<\/div>\n\t\t\t\t\t<\/div>\n\t\t<\/div>\n\t\t\t\t\t<\/div>\n\t\t<\/section>\n\t\t\t\t<section class=\"elementor-section elementor-top-section elementor-element elementor-element-a4ffc63 elementor-section-boxed elementor-section-height-default elementor-section-height-default\" data-id=\"a4ffc63\" data-element_type=\"section\" data-settings=\"{&quot;shape_divider_top&quot;:&quot;triangle&quot;}\">\n\t\t\t\t\t\t\t<div class=\"elementor-background-overlay\"><\/div>\n\t\t\t\t\t\t<div class=\"elementor-shape elementor-shape-top\" aria-hidden=\"true\" data-negative=\"false\">\n\t\t\t<svg xmlns=\"http:\/\/www.w3.org\/2000\/svg\" viewBox=\"0 0 1000 100\" preserveAspectRatio=\"none\">\n\t<path class=\"elementor-shape-fill\" d=\"M500,98.9L0,6.1V0h1000v6.1L500,98.9z\"\/>\n<\/svg>\t\t<\/div>\n\t\t\t\t\t<div class=\"elementor-container elementor-column-gap-default\">\n\t\t\t\t\t<div class=\"elementor-column elementor-col-50 elementor-top-column elementor-element elementor-element-6322f2a\" data-id=\"6322f2a\" data-element_type=\"column\">\n\t\t\t<div class=\"elementor-widget-wrap elementor-element-populated\">\n\t\t\t\t\t\t<div class=\"elementor-element elementor-element-9830254 elementor-widget elementor-widget-heading\" data-id=\"9830254\" data-element_type=\"widget\" data-widget_type=\"heading.default\">\n\t\t\t\t<div class=\"elementor-widget-container\">\n\t\t\t\t\t<h2 class=\"elementor-heading-title elementor-size-default\">\u201eAutoprof\u201d meie t\u00f6\u00f6tame teie jaoks!<\/h2>\t\t\t\t<\/div>\n\t\t\t\t<\/div>\n\t\t\t\t<div class=\"elementor-element elementor-element-2d087cb elementor-widget elementor-widget-text-editor\" data-id=\"2d087cb\" data-element_type=\"widget\" data-widget_type=\"text-editor.default\">\n\t\t\t\t<div class=\"elementor-widget-container\">\n\t\t\t\t\t\t\t\t\t<p>Iga auto vajab regulaarset hooldust ning selle moodustatavate s\u00fcsteemide t\u00f6\u00f6 prof\u00fclaktikat ja parandust. Paljud omanikud puutuvad tihtipeale kokku probleemiga, et leida selline hooldus- ja remondit\u00f6\u00f6koda, kus oleks v\u00f5imalik teostada komplektset autohooldust. Ehk siis selline koht, milles erinevate profiilide spetsialistid saavad olla Teile abiks ja on v\u00f5imelised Teie auto s\u00fcsteeme parandama ja korda seadma.<\/p><p>AutoProf hoolduskeskuses Teie v\u00f5ite usaldada oma autot kogenud personalile.<\/p><p>Meie keskuse spetsialistid on alati valmis aitama Teid ning pakkuma professionaalset autoremonti ja hooldust.<\/p>\t\t\t\t\t\t\t\t<\/div>\n\t\t\t\t<\/div>\n\t\t\t\t<div class=\"elementor-element elementor-element-07a9ed1 elementor-align-left elementor-mobile-align-center elementor-widget elementor-widget-button\" data-id=\"07a9ed1\" data-element_type=\"widget\" data-widget_type=\"button.default\">\n\t\t\t\t<div class=\"elementor-widget-container\">\n\t\t\t\t\t\t\t\t\t<div class=\"elementor-button-wrapper\">\n\t\t\t\t\t<a class=\"elementor-button elementor-button-link elementor-size-sm\" href=\"https:\/\/www.autoprof.ee\/et\/ettevottest\/\">\n\t\t\t\t\t\t<span class=\"elementor-button-content-wrapper\">\n\t\t\t\t\t\t\t\t\t<span class=\"elementor-button-text\">VAATA ROHKEM<\/span>\n\t\t\t\t\t<\/span>\n\t\t\t\t\t<\/a>\n\t\t\t\t<\/div>\n\t\t\t\t\t\t\t\t<\/div>\n\t\t\t\t<\/div>\n\t\t\t\t\t<\/div>\n\t\t<\/div>\n\t\t\t\t<div class=\"elementor-column elementor-col-50 elementor-top-column elementor-element elementor-element-14a45ba\" data-id=\"14a45ba\" data-element_type=\"column\">\n\t\t\t<div class=\"elementor-widget-wrap elementor-element-populated\">\n\t\t\t\t\t\t<div class=\"elementor-element elementor-element-bf3ba41 elementor-widget elementor-widget-image\" data-id=\"bf3ba41\" data-element_type=\"widget\" data-widget_type=\"image.default\">\n\t\t\t\t<div class=\"elementor-widget-container\">\n\t\t\t\t\t\t\t\t\t\t\t\t\t\t\t<img loading=\"lazy\" decoding=\"async\" width=\"800\" height=\"600\" src=\"https:\/\/www.autoprof.ee\/wp-content\/uploads\/2020\/06\/IMG_20180719_161509-1024x768.jpg\" class=\"attachment-large size-large wp-image-469\" alt=\"\" srcset=\"https:\/\/www.autoprof.ee\/wp-content\/uploads\/2020\/06\/IMG_20180719_161509-1024x768.jpg 1024w, https:\/\/www.autoprof.ee\/wp-content\/uploads\/2020\/06\/IMG_20180719_161509-300x225.jpg 300w, https:\/\/www.autoprof.ee\/wp-content\/uploads\/2020\/06\/IMG_20180719_161509-768x576.jpg 768w, https:\/\/www.autoprof.ee\/wp-content\/uploads\/2020\/06\/IMG_20180719_161509-1536x1152.jpg 1536w, https:\/\/www.autoprof.ee\/wp-content\/uploads\/2020\/06\/IMG_20180719_161509.jpg 1920w\" sizes=\"(max-width: 800px) 100vw, 800px\" \/>\t\t\t\t\t\t\t\t\t\t\t\t\t\t\t<\/div>\n\t\t\t\t<\/div>\n\t\t\t\t\t<\/div>\n\t\t<\/div>\n\t\t\t\t\t<\/div>\n\t\t<\/section>\n\t\t\t\t<\/div>\n\t\t","protected":false},"excerpt":{"rendered":"<p>Autoremont ja hooldus Tallinnas BRONEERI AEGMeie teenusedMeil on hea meel tervitada teid Autoprofi teeninduskeskuses ja pakkuda teie s\u00f5idukile laia valikut hooldus -, diagnostika-ja remonditeenuseid.K\u00d5IKI TEENUSEIDVabade ametikohtadegaOleme kaasaegne autoteenindus, mis pakub laia valikut autoremondi- ja hooldusteenuseid. Seoses \u00e4ri laienemisega otsime meeskonda kvalifitseeritud spetsialiste.TUTVUN VABADE AMETIKOHTADEGA Previous slide Next slide Meie teenused Diagnostika Remont Rehvit\u00f6\u00f6d Lisavarustus Hooldus [&hellip;]<\/p>\n","protected":false},"author":2,"featured_media":0,"parent":0,"menu_order":0,"comment_status":"closed","ping_status":"closed","template":"","meta":{"_acf_changed":false,"inline_featured_image":false,"footnotes":""},"class_list":["post-43","page","type-page","status-publish","hentry"],"acf":[],"yoast_head":"<!-- This site is optimized with the Yoast SEO Premium plugin v23.5 (Yoast SEO v23.6) - https:\/\/yoast.com\/wordpress\/plugins\/seo\/ -->\n<title>AutoProf Autoteenindus - Autovaruosade Pood<\/title>\n<meta name=\"description\" content=\"Kliendi arvamus on meile oluline ning me alati v\u00f5tame arvesse teie soove. AutoProf teostab autoremondi t\u00f6id, diagnostikat ja m\u00fc\u00fcb autovaruosi.\" \/>\n<meta name=\"robots\" content=\"index, follow, max-snippet:-1, max-image-preview:large, max-video-preview:-1\" \/>\n<link rel=\"canonical\" href=\"https:\/\/www.autoprof.ee\/et\/\" \/>\n<meta property=\"og:locale\" content=\"et_EE\" \/>\n<meta property=\"og:type\" content=\"article\" \/>\n<meta property=\"og:title\" content=\"AutoProf Autoteenindus - Autovaruosade Pood\" \/>\n<meta property=\"og:description\" content=\"Kliendi arvamus on meile oluline ning me alati v\u00f5tame arvesse teie soove. AutoProf teostab autoremondi t\u00f6id, diagnostikat ja m\u00fc\u00fcb autovaruosi.\" \/>\n<meta property=\"og:url\" content=\"https:\/\/www.autoprof.ee\/et\/\" \/>\n<meta property=\"og:site_name\" content=\"Autoprof\" \/>\n<meta property=\"article:publisher\" content=\"https:\/\/www.facebook.com\/autoprofautoteenindus\" \/>\n<meta property=\"article:modified_time\" content=\"2024-11-27T08:13:21+00:00\" \/>\n<meta property=\"og:image\" content=\"https:\/\/www.autoprof.ee\/wp-content\/uploads\/2024\/10\/diagnostic-1.svg\" \/>\n<meta name=\"twitter:card\" content=\"summary_large_image\" \/>\n<meta name=\"twitter:title\" content=\"AutoProf Autoteenindus - Autovaruosade Pood\" \/>\n<meta name=\"twitter:description\" content=\"Kliendi arvamus on meile oluline ning me alati v\u00f5tame arvesse teie soove. AutoProf teostab autoremondi t\u00f6id, diagnostikat ja m\u00fc\u00fcb autovaruosi.\" \/>\n<meta name=\"twitter:label1\" content=\"Est. reading time\" \/>\n\t<meta name=\"twitter:data1\" content=\"3 minutit\" \/>\n<!-- \/ Yoast SEO Premium plugin. -->","yoast_head_json":{"title":"AutoProf Autoteenindus - Autovaruosade Pood","description":"Kliendi arvamus on meile oluline ning me alati v\u00f5tame arvesse teie soove. AutoProf teostab autoremondi t\u00f6id, diagnostikat ja m\u00fc\u00fcb autovaruosi.","robots":{"index":"index","follow":"follow","max-snippet":"max-snippet:-1","max-image-preview":"max-image-preview:large","max-video-preview":"max-video-preview:-1"},"canonical":"https:\/\/www.autoprof.ee\/et\/","og_locale":"et_EE","og_type":"article","og_title":"AutoProf Autoteenindus - Autovaruosade Pood","og_description":"Kliendi arvamus on meile oluline ning me alati v\u00f5tame arvesse teie soove. AutoProf teostab autoremondi t\u00f6id, diagnostikat ja m\u00fc\u00fcb autovaruosi.","og_url":"https:\/\/www.autoprof.ee\/et\/","og_site_name":"Autoprof","article_publisher":"https:\/\/www.facebook.com\/autoprofautoteenindus","article_modified_time":"2024-11-27T08:13:21+00:00","og_image":[{"url":"https:\/\/www.autoprof.ee\/wp-content\/uploads\/2024\/10\/diagnostic-1.svg"}],"twitter_card":"summary_large_image","twitter_title":"AutoProf Autoteenindus - Autovaruosade Pood","twitter_description":"Kliendi arvamus on meile oluline ning me alati v\u00f5tame arvesse teie soove. AutoProf teostab autoremondi t\u00f6id, diagnostikat ja m\u00fc\u00fcb autovaruosi.","twitter_misc":{"Est. reading time":"3 minutit"},"schema":{"@context":"https:\/\/schema.org","@graph":[{"@type":"WebPage","@id":"https:\/\/www.autoprof.ee\/et\/","url":"https:\/\/www.autoprof.ee\/et\/","name":"AutoProf Autoteenindus - Autovaruosade Pood","isPartOf":{"@id":"https:\/\/www.autoprof.ee\/et\/#website"},"primaryImageOfPage":{"@id":"https:\/\/www.autoprof.ee\/et\/#primaryimage"},"image":{"@id":"https:\/\/www.autoprof.ee\/et\/#primaryimage"},"thumbnailUrl":"https:\/\/www.autoprof.ee\/wp-content\/uploads\/2024\/10\/diagnostic-1.svg","datePublished":"2020-06-11T09:31:12+00:00","dateModified":"2024-11-27T08:13:21+00:00","description":"Kliendi arvamus on meile oluline ning me alati v\u00f5tame arvesse teie soove. AutoProf teostab autoremondi t\u00f6id, diagnostikat ja m\u00fc\u00fcb autovaruosi.","breadcrumb":{"@id":"https:\/\/www.autoprof.ee\/et\/#breadcrumb"},"inLanguage":"et","potentialAction":[{"@type":"ReadAction","target":["https:\/\/www.autoprof.ee\/et\/"]}]},{"@type":"ImageObject","inLanguage":"et","@id":"https:\/\/www.autoprof.ee\/et\/#primaryimage","url":"https:\/\/www.autoprof.ee\/wp-content\/uploads\/2024\/10\/diagnostic-1.svg","contentUrl":"https:\/\/www.autoprof.ee\/wp-content\/uploads\/2024\/10\/diagnostic-1.svg"},{"@type":"BreadcrumbList","@id":"https:\/\/www.autoprof.ee\/et\/#breadcrumb","itemListElement":[{"@type":"ListItem","position":1,"name":"Avaleht","item":"https:\/\/www.autoprof.ee\/et\/"},{"@type":"ListItem","position":2,"name":"Avaleht"}]},{"@type":"WebSite","@id":"https:\/\/www.autoprof.ee\/et\/#website","url":"https:\/\/www.autoprof.ee\/et\/","name":"Autoprof","description":"Autoremont ja Autoteenindus","publisher":{"@id":"https:\/\/www.autoprof.ee\/et\/#organization"},"potentialAction":[{"@type":"SearchAction","target":{"@type":"EntryPoint","urlTemplate":"https:\/\/www.autoprof.ee\/et\/?s={search_term_string}"},"query-input":{"@type":"PropertyValueSpecification","valueRequired":true,"valueName":"search_term_string"}}],"inLanguage":"et"},{"@type":"Organization","@id":"https:\/\/www.autoprof.ee\/et\/#organization","name":"AutoProf Autoteenindus","url":"https:\/\/www.autoprof.ee\/et\/","logo":{"@type":"ImageObject","inLanguage":"et","@id":"https:\/\/www.autoprof.ee\/et\/#\/schema\/logo\/image\/","url":"https:\/\/www.autoprof.ee\/wp-content\/uploads\/2020\/07\/favicon.jpg","contentUrl":"https:\/\/www.autoprof.ee\/wp-content\/uploads\/2020\/07\/favicon.jpg","width":512,"height":512,"caption":"AutoProf Autoteenindus"},"image":{"@id":"https:\/\/www.autoprof.ee\/et\/#\/schema\/logo\/image\/"},"sameAs":["https:\/\/www.facebook.com\/autoprofautoteenindus","https:\/\/www.instagram.com\/autoprof.ee","https:\/\/www.youtube.com\/channel\/UCwWwJw8FD-j5drMclm-yLSg"]}]}},"_links":{"self":[{"href":"https:\/\/www.autoprof.ee\/et\/wp-json\/wp\/v2\/pages\/43"}],"collection":[{"href":"https:\/\/www.autoprof.ee\/et\/wp-json\/wp\/v2\/pages"}],"about":[{"href":"https:\/\/www.autoprof.ee\/et\/wp-json\/wp\/v2\/types\/page"}],"author":[{"embeddable":true,"href":"https:\/\/www.autoprof.ee\/et\/wp-json\/wp\/v2\/users\/2"}],"replies":[{"embeddable":true,"href":"https:\/\/www.autoprof.ee\/et\/wp-json\/wp\/v2\/comments?post=43"}],"version-history":[{"count":72,"href":"https:\/\/www.autoprof.ee\/et\/wp-json\/wp\/v2\/pages\/43\/revisions"}],"predecessor-version":[{"id":3491,"href":"https:\/\/www.autoprof.ee\/et\/wp-json\/wp\/v2\/pages\/43\/revisions\/3491"}],"wp:attachment":[{"href":"https:\/\/www.autoprof.ee\/et\/wp-json\/wp\/v2\/media?parent=43"}],"curies":[{"name":"wp","href":"https:\/\/api.w.org\/{rel}","templated":true}]}}