{"id":2786,"date":"2024-10-16T08:54:18","date_gmt":"2024-10-16T05:54:18","guid":{"rendered":"https:\/\/www.autoprof.ee\/?page_id=2786"},"modified":"2024-10-16T11:46:14","modified_gmt":"2024-10-16T08:46:14","slug":"vabade-ametikohtadega","status":"publish","type":"page","link":"https:\/\/www.autoprof.ee\/et\/vabade-ametikohtadega\/","title":{"rendered":"Vabade ametikohtadega"},"content":{"rendered":"\t\t<div data-elementor-type=\"wp-page\" data-elementor-id=\"2786\" class=\"elementor elementor-2786 elementor-2771\" data-elementor-post-type=\"page\">\n\t\t\t\t\t\t<section class=\"elementor-section elementor-top-section elementor-element elementor-element-ae902bc elementor-section-boxed elementor-section-height-default elementor-section-height-default\" data-id=\"ae902bc\" data-element_type=\"section\">\n\t\t\t\t\t\t<div class=\"elementor-container elementor-column-gap-default\">\n\t\t\t\t\t<div class=\"elementor-column elementor-col-100 elementor-top-column elementor-element elementor-element-a5d93b4\" data-id=\"a5d93b4\" data-element_type=\"column\">\n\t\t\t<div class=\"elementor-widget-wrap elementor-element-populated\">\n\t\t\t\t\t\t<div class=\"elementor-element elementor-element-de8626d elementor-widget elementor-widget-heading\" data-id=\"de8626d\" data-element_type=\"widget\" data-widget_type=\"heading.default\">\n\t\t\t\t<div class=\"elementor-widget-container\">\n\t\t\t\t\t<h1 class=\"elementor-heading-title elementor-size-default\"><b>Vabade ametikohtadega<\/b><\/h1>\t\t\t\t<\/div>\n\t\t\t\t<\/div>\n\t\t\t\t\t<\/div>\n\t\t<\/div>\n\t\t\t\t\t<\/div>\n\t\t<\/section>\n\t\t\t\t<section class=\"elementor-section elementor-top-section elementor-element elementor-element-0d99252 elementor-section-boxed elementor-section-height-default elementor-section-height-default\" data-id=\"0d99252\" data-element_type=\"section\">\n\t\t\t\t\t\t<div class=\"elementor-container elementor-column-gap-default\">\n\t\t\t\t\t<div class=\"elementor-column elementor-col-100 elementor-top-column elementor-element elementor-element-efd603b\" data-id=\"efd603b\" data-element_type=\"column\">\n\t\t\t<div class=\"elementor-widget-wrap elementor-element-populated\">\n\t\t\t\t\t\t<div class=\"elementor-element elementor-element-b5855e1 elementor-widget elementor-widget-text-editor\" data-id=\"b5855e1\" data-element_type=\"widget\" data-widget_type=\"text-editor.default\">\n\t\t\t\t<div class=\"elementor-widget-container\">\n\t\t\t\t\t\t\t\t\t<p>Me oleme kaasaegne autoteenindus, mis pakub laia valikut autode remondi- ja hooldusteenuseid. Laienemise t\u00f5ttu otsime kvalifitseeritud spetsialiste j\u00e4rgmistele ametikohtadele:<\/p><ul><li><strong>Automehaanik<\/strong><\/li><li><strong>Rehvitehnik<\/strong><\/li><li><strong>Autovaruosade m\u00fc\u00fcja<\/strong><\/li><\/ul><h2><strong>N\u00f5uded:<\/strong><\/h2><ul><li>T\u00f6\u00f6kogemus sarnasel ametikohal (iga rolli jaoks).<\/li><li>Teadmised auto ehitusest, remondi- ja hooldustehnoloogiatest.<\/li><li>Oskus t\u00f6\u00f6tada kaasaegse varustuse ja t\u00f6\u00f6riistadega.<\/li><li>Vastutustunne, t\u00e4psus, t\u00e4helepanelikkus detailidele.<\/li><li>Automehaanikule: autodiagnostika aluste tundmine.<\/li><li>Rehvitehnikule: kogemus ratastega t\u00f6\u00f6tamisel (paigaldus, tasakaalustamine).<\/li><li>Autovaruosade m\u00fc\u00fcjale: teadmised autovaruosadest ja komponentidest, oskus kliente n\u00f5ustada sobivate osade leidmisel ja alternatiivide pakkumine.<\/li><\/ul><h2><strong>Kohustused:<\/strong><\/h2><p><strong>Automehaanik:<\/strong><\/p><ul><li>Autode hoolduse ja remondit\u00f6\u00f6de teostamine.<\/li><li>Vigade diagnoosimine ja probleemide lahendamine.<\/li><li>Kulumaterjalide vahetamine (\u00f5lid, filtrid, piduriklotsid jne).<\/li><li>T\u00f6\u00f6 erinevate s\u00f5iduki s\u00fcsteemidega (vedrustus, pidurid, mootor).<\/li><\/ul><p><strong>Rehvitehnik:<\/strong><\/p><ul><li>Rataste eemaldamine\/paigaldamine ja tasakaalustamine.<\/li><li>Rehvide parandamine ja vajadusel nende vahetamine.<\/li><li>Rehvide seisundi j\u00e4lgimine ja vajalike hooldust\u00f6\u00f6de teostamine.<\/li><\/ul><p><strong>Autovaruosade m\u00fc\u00fcja:<\/strong><\/p><ul><li>Klientide n\u00f5ustamine autovaruosade ja nende sobivuse kohta.<\/li><li>Autovaruosade m\u00fc\u00fck, saadavuse tagamine ja laoseisu t\u00e4iendamine.<\/li><li>Tellimuste t\u00f6\u00f6tlemine ja varuosade lao haldamine.<\/li><li>T\u00e4psete tooteteadmiste s\u00e4ilitamine, et aidata klientidel valida sobivaid komponente.<\/li><li>M\u00fc\u00fcgitehingute vormistamine ja tellimuste ning m\u00fc\u00fcgi arvestuse pidamine.<\/li><\/ul><h2><strong>Tingimused:<\/strong><\/h2><ul><li>S\u00f5bralik meeskond ja mugavad t\u00f6\u00f6tingimused.<\/li><\/ul><h2><strong>Vabad ametikohad:<\/strong><\/h2><ul><li>Automehaanik: <span style=\"color: #339966;\">saadaval<\/span>.<\/li><li>Rehvitehnik: <span style=\"color: #339966;\">saadaval<\/span>.<\/li><li>Autovaruosade m\u00fc\u00fcja: <span style=\"color: #339966;\">saadaval<\/span>.<\/li><\/ul><h2><strong>Kuidas kandideerida:<\/strong><\/h2><p>Saatke oma CV aadressile <a rel=\"noopener\">info@profmotors.ee<\/a> v\u00f5i helistage numbril +372 5626 0211.<\/p>\t\t\t\t\t\t\t\t<\/div>\n\t\t\t\t<\/div>\n\t\t\t\t\t<\/div>\n\t\t<\/div>\n\t\t\t\t\t<\/div>\n\t\t<\/section>\n\t\t\t\t<\/div>\n\t\t","protected":false},"excerpt":{"rendered":"<p>Vabade ametikohtadega Me oleme kaasaegne autoteenindus, mis pakub laia valikut autode remondi- ja hooldusteenuseid. Laienemise t\u00f5ttu otsime kvalifitseeritud spetsialiste j\u00e4rgmistele ametikohtadele: Automehaanik Rehvitehnik Autovaruosade m\u00fc\u00fcja N\u00f5uded: T\u00f6\u00f6kogemus sarnasel ametikohal (iga rolli jaoks). Teadmised auto ehitusest, remondi- ja hooldustehnoloogiatest. Oskus t\u00f6\u00f6tada kaasaegse varustuse ja t\u00f6\u00f6riistadega. Vastutustunne, t\u00e4psus, t\u00e4helepanelikkus detailidele. Automehaanikule: autodiagnostika aluste tundmine. Rehvitehnikule: kogemus ratastega [&hellip;]<\/p>\n","protected":false},"author":4,"featured_media":0,"parent":0,"menu_order":0,"comment_status":"closed","ping_status":"closed","template":"","meta":{"_acf_changed":false,"inline_featured_image":false,"footnotes":""},"class_list":["post-2786","page","type-page","status-publish","hentry"],"acf":[],"yoast_head":"<!-- This site is optimized with the Yoast SEO Premium plugin v23.5 (Yoast SEO v23.6) - https:\/\/yoast.com\/wordpress\/plugins\/seo\/ -->\n<title>Vabade ametikohtadega - Autoprof<\/title>\n<meta name=\"description\" content=\"Seoses \u00e4ri laienemisega otsime meeskonda kvalifitseeritud spetsialiste automehaaniku, autolukksepa ja rehviehitaja positsioonile.\" \/>\n<meta name=\"robots\" content=\"index, follow, max-snippet:-1, max-image-preview:large, max-video-preview:-1\" \/>\n<link rel=\"canonical\" href=\"https:\/\/www.autoprof.ee\/et\/vabade-ametikohtadega\/\" \/>\n<meta property=\"og:locale\" content=\"et_EE\" \/>\n<meta property=\"og:type\" content=\"article\" \/>\n<meta property=\"og:title\" content=\"Vabade ametikohtadega\" \/>\n<meta property=\"og:description\" content=\"Seoses \u00e4ri laienemisega otsime meeskonda kvalifitseeritud spetsialiste automehaaniku, autolukksepa ja rehviehitaja positsioonile.\" \/>\n<meta property=\"og:url\" content=\"https:\/\/www.autoprof.ee\/et\/vabade-ametikohtadega\/\" \/>\n<meta property=\"og:site_name\" content=\"Autoprof\" \/>\n<meta property=\"article:publisher\" content=\"https:\/\/www.facebook.com\/autoprofautoteenindus\" \/>\n<meta property=\"article:modified_time\" content=\"2024-10-16T08:46:14+00:00\" \/>\n<meta name=\"twitter:card\" content=\"summary_large_image\" \/>\n<meta name=\"twitter:label1\" content=\"Est. reading time\" \/>\n\t<meta name=\"twitter:data1\" content=\"1 minut\" \/>\n<!-- \/ Yoast SEO Premium plugin. -->","yoast_head_json":{"title":"Vabade ametikohtadega - Autoprof","description":"Seoses \u00e4ri laienemisega otsime meeskonda kvalifitseeritud spetsialiste automehaaniku, autolukksepa ja rehviehitaja positsioonile.","robots":{"index":"index","follow":"follow","max-snippet":"max-snippet:-1","max-image-preview":"max-image-preview:large","max-video-preview":"max-video-preview:-1"},"canonical":"https:\/\/www.autoprof.ee\/et\/vabade-ametikohtadega\/","og_locale":"et_EE","og_type":"article","og_title":"Vabade ametikohtadega","og_description":"Seoses \u00e4ri laienemisega otsime meeskonda kvalifitseeritud spetsialiste automehaaniku, autolukksepa ja rehviehitaja positsioonile.","og_url":"https:\/\/www.autoprof.ee\/et\/vabade-ametikohtadega\/","og_site_name":"Autoprof","article_publisher":"https:\/\/www.facebook.com\/autoprofautoteenindus","article_modified_time":"2024-10-16T08:46:14+00:00","twitter_card":"summary_large_image","twitter_misc":{"Est. reading time":"1 minut"},"schema":{"@context":"https:\/\/schema.org","@graph":[{"@type":"WebPage","@id":"https:\/\/www.autoprof.ee\/et\/vabade-ametikohtadega\/","url":"https:\/\/www.autoprof.ee\/et\/vabade-ametikohtadega\/","name":"Vabade ametikohtadega - Autoprof","isPartOf":{"@id":"https:\/\/www.autoprof.ee\/et\/#website"},"datePublished":"2024-10-16T05:54:18+00:00","dateModified":"2024-10-16T08:46:14+00:00","description":"Seoses \u00e4ri laienemisega otsime meeskonda kvalifitseeritud spetsialiste automehaaniku, autolukksepa ja rehviehitaja positsioonile.","breadcrumb":{"@id":"https:\/\/www.autoprof.ee\/et\/vabade-ametikohtadega\/#breadcrumb"},"inLanguage":"et","potentialAction":[{"@type":"ReadAction","target":["https:\/\/www.autoprof.ee\/et\/vabade-ametikohtadega\/"]}]},{"@type":"BreadcrumbList","@id":"https:\/\/www.autoprof.ee\/et\/vabade-ametikohtadega\/#breadcrumb","itemListElement":[{"@type":"ListItem","position":1,"name":"Avaleht","item":"https:\/\/www.autoprof.ee\/et\/"},{"@type":"ListItem","position":2,"name":"Vabade ametikohtadega"}]},{"@type":"WebSite","@id":"https:\/\/www.autoprof.ee\/et\/#website","url":"https:\/\/www.autoprof.ee\/et\/","name":"Autoprof","description":"Autoremont ja Autoteenindus","publisher":{"@id":"https:\/\/www.autoprof.ee\/et\/#organization"},"potentialAction":[{"@type":"SearchAction","target":{"@type":"EntryPoint","urlTemplate":"https:\/\/www.autoprof.ee\/et\/?s={search_term_string}"},"query-input":{"@type":"PropertyValueSpecification","valueRequired":true,"valueName":"search_term_string"}}],"inLanguage":"et"},{"@type":"Organization","@id":"https:\/\/www.autoprof.ee\/et\/#organization","name":"AutoProf Autoteenindus","url":"https:\/\/www.autoprof.ee\/et\/","logo":{"@type":"ImageObject","inLanguage":"et","@id":"https:\/\/www.autoprof.ee\/et\/#\/schema\/logo\/image\/","url":"https:\/\/www.autoprof.ee\/wp-content\/uploads\/2020\/07\/favicon.jpg","contentUrl":"https:\/\/www.autoprof.ee\/wp-content\/uploads\/2020\/07\/favicon.jpg","width":512,"height":512,"caption":"AutoProf Autoteenindus"},"image":{"@id":"https:\/\/www.autoprof.ee\/et\/#\/schema\/logo\/image\/"},"sameAs":["https:\/\/www.facebook.com\/autoprofautoteenindus","https:\/\/www.instagram.com\/autoprof.ee","https:\/\/www.youtube.com\/channel\/UCwWwJw8FD-j5drMclm-yLSg"]}]}},"_links":{"self":[{"href":"https:\/\/www.autoprof.ee\/et\/wp-json\/wp\/v2\/pages\/2786"}],"collection":[{"href":"https:\/\/www.autoprof.ee\/et\/wp-json\/wp\/v2\/pages"}],"about":[{"href":"https:\/\/www.autoprof.ee\/et\/wp-json\/wp\/v2\/types\/page"}],"author":[{"embeddable":true,"href":"https:\/\/www.autoprof.ee\/et\/wp-json\/wp\/v2\/users\/4"}],"replies":[{"embeddable":true,"href":"https:\/\/www.autoprof.ee\/et\/wp-json\/wp\/v2\/comments?post=2786"}],"version-history":[{"count":18,"href":"https:\/\/www.autoprof.ee\/et\/wp-json\/wp\/v2\/pages\/2786\/revisions"}],"predecessor-version":[{"id":2842,"href":"https:\/\/www.autoprof.ee\/et\/wp-json\/wp\/v2\/pages\/2786\/revisions\/2842"}],"wp:attachment":[{"href":"https:\/\/www.autoprof.ee\/et\/wp-json\/wp\/v2\/media?parent=2786"}],"curies":[{"name":"wp","href":"https:\/\/api.w.org\/{rel}","templated":true}]}}