{"id":222,"date":"2020-06-12T11:54:15","date_gmt":"2020-06-12T08:54:15","guid":{"rendered":"https:\/\/stg.blueglass.ee\/autoprof\/?page_id=222"},"modified":"2025-01-22T12:38:58","modified_gmt":"2025-01-22T09:38:58","slug":"autokauplus","status":"publish","type":"page","link":"https:\/\/www.autoprof.ee\/et\/autokauplus\/","title":{"rendered":"Autokauplus"},"content":{"rendered":"\t\t<div data-elementor-type=\"wp-page\" data-elementor-id=\"222\" class=\"elementor elementor-222\" data-elementor-post-type=\"page\">\n\t\t\t\t\t\t<section class=\"elementor-section elementor-top-section elementor-element elementor-element-5b85f35 elementor-section-height-min-height elementor-section-boxed elementor-section-height-default elementor-section-items-middle\" data-id=\"5b85f35\" data-element_type=\"section\" data-settings=\"{&quot;background_background&quot;:&quot;classic&quot;,&quot;background_image&quot;:{&quot;url&quot;:&quot;https:\\\/\\\/stg.blueglass.ee\\\/autoprof\\\/wp-content\\\/uploads\\\/2020\\\/06\\\/2019-09-19-07.31.24-HDR-1.jpg&quot;,&quot;id&quot;:466,&quot;size&quot;:&quot;&quot;},&quot;shape_divider_bottom&quot;:&quot;triangle&quot;,&quot;shape_divider_bottom_negative&quot;:&quot;yes&quot;}\">\n\t\t\t\t\t\t\t<div class=\"elementor-background-overlay\"><\/div>\n\t\t\t\t\t\t<div class=\"elementor-shape elementor-shape-bottom\" aria-hidden=\"true\" data-negative=\"true\">\n\t\t\t<svg xmlns=\"http:\/\/www.w3.org\/2000\/svg\" viewBox=\"0 0 1000 100\" preserveAspectRatio=\"none\">\n\t<path class=\"elementor-shape-fill\" d=\"M500.2,94.7L0,0v100h1000V0L500.2,94.7z\"\/>\n<\/svg>\t\t<\/div>\n\t\t\t\t\t<div class=\"elementor-container elementor-column-gap-default\">\n\t\t\t\t\t<div class=\"elementor-column elementor-col-100 elementor-top-column elementor-element elementor-element-beea384\" data-id=\"beea384\" data-element_type=\"column\">\n\t\t\t<div class=\"elementor-widget-wrap elementor-element-populated\">\n\t\t\t\t\t\t<div class=\"elementor-element elementor-element-b1cef9f elementor-widget elementor-widget-heading\" data-id=\"b1cef9f\" data-element_type=\"widget\" data-widget_type=\"heading.default\">\n\t\t\t\t<div class=\"elementor-widget-container\">\n\t\t\t\t\t<h1 class=\"elementor-heading-title elementor-size-default\">Autokauplus<\/h1>\t\t\t\t<\/div>\n\t\t\t\t<\/div>\n\t\t\t\t\t<\/div>\n\t\t<\/div>\n\t\t\t\t\t<\/div>\n\t\t<\/section>\n\t\t\t\t<section class=\"elementor-section elementor-top-section elementor-element elementor-element-06f3fca elementor-section-boxed elementor-section-height-default elementor-section-height-default\" data-id=\"06f3fca\" data-element_type=\"section\" data-settings=\"{&quot;background_background&quot;:&quot;classic&quot;,&quot;background_image&quot;:{&quot;url&quot;:&quot;&quot;,&quot;id&quot;:&quot;&quot;,&quot;size&quot;:&quot;&quot;}}\">\n\t\t\t\t\t\t<div class=\"elementor-container elementor-column-gap-default\">\n\t\t\t\t\t<div class=\"elementor-column elementor-col-100 elementor-top-column elementor-element elementor-element-0ceb673\" data-id=\"0ceb673\" data-element_type=\"column\">\n\t\t\t<div class=\"elementor-widget-wrap elementor-element-populated\">\n\t\t\t\t\t\t<div class=\"elementor-element elementor-element-8e289b0 elementor-align-left elementor-widget elementor-widget-breadcrumbs\" data-id=\"8e289b0\" data-element_type=\"widget\" data-widget_type=\"breadcrumbs.default\">\n\t\t\t\t<div class=\"elementor-widget-container\">\n\t\t\t\t\t<p id=\"breadcrumbs\"><span><span><a href=\"https:\/\/www.autoprof.ee\/et\/\">Avaleht<\/a><\/span><\/span><\/p>\t\t\t\t<\/div>\n\t\t\t\t<\/div>\n\t\t\t\t\t<\/div>\n\t\t<\/div>\n\t\t\t\t\t<\/div>\n\t\t<\/section>\n\t\t\t\t<section class=\"elementor-section elementor-top-section elementor-element elementor-element-8092af3 elementor-section-boxed elementor-section-height-default elementor-section-height-default\" data-id=\"8092af3\" data-element_type=\"section\">\n\t\t\t\t\t\t<div class=\"elementor-container elementor-column-gap-default\">\n\t\t\t\t\t<div class=\"elementor-column elementor-col-50 elementor-top-column elementor-element elementor-element-253c8ac\" data-id=\"253c8ac\" data-element_type=\"column\">\n\t\t\t<div class=\"elementor-widget-wrap elementor-element-populated\">\n\t\t\t\t\t\t<div class=\"elementor-element elementor-element-5b703aa elementor-widget elementor-widget-heading\" data-id=\"5b703aa\" data-element_type=\"widget\" data-widget_type=\"heading.default\">\n\t\t\t\t<div class=\"elementor-widget-container\">\n\t\t\t\t\t<h2 class=\"elementor-heading-title elementor-size-default\">Meie t\u00f6\u00f6tame Teie jaoks!\n<\/h2>\t\t\t\t<\/div>\n\t\t\t\t<\/div>\n\t\t\t\t<div class=\"elementor-element elementor-element-5389939 elementor-widget elementor-widget-text-editor\" data-id=\"5389939\" data-element_type=\"widget\" data-widget_type=\"text-editor.default\">\n\t\t\t\t<div class=\"elementor-widget-container\">\n\t\t\t\t\t\t\t\t\t<div><div><div><div><div><div><div><div><div><p>Tere tulemast autovaruosade poodi AutoProf!<\/p><p>Meie juurest Te leiate varuosi ja aksessuaare nii oma autole, mootorrattale, ATV-le, kui ka paljudele muudele s\u00f5idukitele.<\/p><p>Pood alustas tegevust\u00a02017. aastal novembris meie\u00a0<a href=\"https:\/\/www.autoprof.ee\/\">AutoProf Autoteeninduse<\/a>\u00a0baasil. Me pakume m\u00fc\u00fcgiteenust nii online kui ka offline jaem\u00fc\u00fcgi alusel, t\u00f6\u00f6tame nii eraisikutega kui ka ettev\u00f5tetega.<\/p><p>AutoProfi poe sortimendis on suur valik erinevaid kvaliteetseid ja tuntuid tooteid nagu Castrol, Mobil, Gulf, Fram, Brembo, Osram, Varta, Webasto\u2026<\/p><p>Meil on suur t\u00f6\u00f6kogemus Klientide teenindamisel. Turul oleme saavutanud usaldusv\u00e4\u00e4rse ja vastutustundliku maine nii Klientide kui ka \u00c4ripartnerite t\u00f6\u00f6suhtes. T\u00e4nu s\u00f5lmitud lepingutele enamike kullerteenuste pakkuvate firmadega oleme v\u00f5imelised pakkuda meie Klientidele kiireimat kaupade tarnimist \u00fcle maailma.<\/p><p>Meie austame Klientide arvamust ja hindame nende aega. Meie pidevalt muudame oma tootevalikut ning pakutavat teenust paremaks, et rahuldada Teie vajadusi ja ootusi!<\/p><\/div><\/div><\/div><\/div><\/div><\/div><\/div><\/div><\/div><div><div><div><div><div><div><div><p>AutoProf<br \/>Telefon: <a href=\"tel:+372 600 4321\">+372 600 4321<\/a> (English, Estonian, Russian)<br \/>Email: <a href=\"mailto:kontakt@autoprof.ee\">kontakt@autoprof.ee<\/a><br \/>Asukoht: Manniku tee 96G, Tallinn 11215<\/p><\/div><p><strong>Helistage ja tulge! Meil on alati hea meel n\u00e4ha Teid meie hoolduskeskuses AutoProf!\u00a0<\/strong><\/p><\/div><\/div><\/div><\/div><\/div><\/div>\t\t\t\t\t\t\t\t<\/div>\n\t\t\t\t<\/div>\n\t\t\t\t\t<\/div>\n\t\t<\/div>\n\t\t\t\t<div class=\"elementor-column elementor-col-50 elementor-top-column elementor-element elementor-element-3950474\" data-id=\"3950474\" data-element_type=\"column\">\n\t\t\t<div class=\"elementor-widget-wrap elementor-element-populated\">\n\t\t\t\t\t\t<div class=\"elementor-element elementor-element-d24bb3b elementor-widget elementor-widget-image\" data-id=\"d24bb3b\" data-element_type=\"widget\" data-widget_type=\"image.default\">\n\t\t\t\t<div class=\"elementor-widget-container\">\n\t\t\t\t\t\t\t\t\t\t\t\t\t\t\t<img fetchpriority=\"high\" decoding=\"async\" width=\"800\" height=\"667\" src=\"https:\/\/www.autoprof.ee\/wp-content\/uploads\/2020\/11\/2020-11-15-18.41.48-1024x854.jpg\" class=\"attachment-large size-large wp-image-935\" alt=\"\" srcset=\"https:\/\/www.autoprof.ee\/wp-content\/uploads\/2020\/11\/2020-11-15-18.41.48-1024x854.jpg 1024w, https:\/\/www.autoprof.ee\/wp-content\/uploads\/2020\/11\/2020-11-15-18.41.48-300x250.jpg 300w, https:\/\/www.autoprof.ee\/wp-content\/uploads\/2020\/11\/2020-11-15-18.41.48-768x640.jpg 768w, https:\/\/www.autoprof.ee\/wp-content\/uploads\/2020\/11\/2020-11-15-18.41.48-1536x1280.jpg 1536w, https:\/\/www.autoprof.ee\/wp-content\/uploads\/2020\/11\/2020-11-15-18.41.48-2048x1707.jpg 2048w\" sizes=\"(max-width: 800px) 100vw, 800px\" \/>\t\t\t\t\t\t\t\t\t\t\t\t\t\t\t<\/div>\n\t\t\t\t<\/div>\n\t\t\t\t<div class=\"elementor-element elementor-element-c5e77b9 elementor-widget elementor-widget-image\" data-id=\"c5e77b9\" data-element_type=\"widget\" data-widget_type=\"image.default\">\n\t\t\t\t<div class=\"elementor-widget-container\">\n\t\t\t\t\t\t\t\t\t\t\t\t\t\t\t<img decoding=\"async\" width=\"800\" height=\"667\" src=\"https:\/\/www.autoprof.ee\/wp-content\/uploads\/2020\/11\/2020-11-15-18.41.55-1024x854.jpg\" class=\"attachment-large size-large wp-image-939\" alt=\"\" srcset=\"https:\/\/www.autoprof.ee\/wp-content\/uploads\/2020\/11\/2020-11-15-18.41.55-1024x854.jpg 1024w, https:\/\/www.autoprof.ee\/wp-content\/uploads\/2020\/11\/2020-11-15-18.41.55-300x250.jpg 300w, https:\/\/www.autoprof.ee\/wp-content\/uploads\/2020\/11\/2020-11-15-18.41.55-768x640.jpg 768w, https:\/\/www.autoprof.ee\/wp-content\/uploads\/2020\/11\/2020-11-15-18.41.55-1536x1280.jpg 1536w, https:\/\/www.autoprof.ee\/wp-content\/uploads\/2020\/11\/2020-11-15-18.41.55-2048x1707.jpg 2048w\" sizes=\"(max-width: 800px) 100vw, 800px\" \/>\t\t\t\t\t\t\t\t\t\t\t\t\t\t\t<\/div>\n\t\t\t\t<\/div>\n\t\t\t\t<div class=\"elementor-element elementor-element-cfc79fb elementor-widget elementor-widget-image\" data-id=\"cfc79fb\" data-element_type=\"widget\" data-widget_type=\"image.default\">\n\t\t\t\t<div class=\"elementor-widget-container\">\n\t\t\t\t\t\t\t\t\t\t\t\t\t\t\t<img decoding=\"async\" width=\"800\" height=\"534\" src=\"https:\/\/www.autoprof.ee\/wp-content\/uploads\/2020\/11\/2020-11-15-18.42.13.jpg\" class=\"attachment-large size-large wp-image-931\" alt=\"\" srcset=\"https:\/\/www.autoprof.ee\/wp-content\/uploads\/2020\/11\/2020-11-15-18.42.13.jpg 1000w, https:\/\/www.autoprof.ee\/wp-content\/uploads\/2020\/11\/2020-11-15-18.42.13-300x200.jpg 300w, https:\/\/www.autoprof.ee\/wp-content\/uploads\/2020\/11\/2020-11-15-18.42.13-768x512.jpg 768w\" sizes=\"(max-width: 800px) 100vw, 800px\" \/>\t\t\t\t\t\t\t\t\t\t\t\t\t\t\t<\/div>\n\t\t\t\t<\/div>\n\t\t\t\t\t<\/div>\n\t\t<\/div>\n\t\t\t\t\t<\/div>\n\t\t<\/section>\n\t\t\t\t<section class=\"elementor-section elementor-top-section elementor-element elementor-element-1a48699d elementor-section-boxed elementor-section-height-default elementor-section-height-default\" data-id=\"1a48699d\" data-element_type=\"section\" data-settings=\"{&quot;background_background&quot;:&quot;classic&quot;,&quot;background_image&quot;:{&quot;url&quot;:&quot;&quot;,&quot;id&quot;:&quot;&quot;,&quot;size&quot;:&quot;&quot;}}\">\n\t\t\t\t\t\t<div class=\"elementor-container elementor-column-gap-default\">\n\t\t\t\t\t<div class=\"elementor-column elementor-col-50 elementor-top-column elementor-element elementor-element-3e57ca65\" data-id=\"3e57ca65\" data-element_type=\"column\">\n\t\t\t<div class=\"elementor-widget-wrap elementor-element-populated\">\n\t\t\t\t\t\t<div class=\"elementor-element elementor-element-58c20b83 elementor-widget elementor-widget-heading\" data-id=\"58c20b83\" data-element_type=\"widget\" data-widget_type=\"heading.default\">\n\t\t\t\t<div class=\"elementor-widget-container\">\n\t\t\t\t\t<h2 class=\"elementor-heading-title elementor-size-default\">V\u00d5TA MEIEGA \u00dcHENDUST\n<\/h2>\t\t\t\t<\/div>\n\t\t\t\t<\/div>\n\t\t\t\t<div class=\"elementor-element elementor-element-744e9fbf elementor-widget elementor-widget-text-editor\" data-id=\"744e9fbf\" data-element_type=\"widget\" data-widget_type=\"text-editor.default\">\n\t\t\t\t<div class=\"elementor-widget-container\">\n\t\t\t\t\t\t\t\t\t<div class=\"wpb_text_column wpb_content_element vc_custom_1458490018247\"><div class=\"wpb_wrapper\"><p>Meie oleme meie klientide alati avatud ja valmis vastama\u00a0k\u00f5ikidele k\u00fcsimustele.<\/p><p>Kui Teie olete huvitatud meie teenustest, soovite aega broneerida v\u00f5i saada konsultatsiooni, palun esitage meile oma k\u00fcsimusi, ettepanekuid ja p\u00e4ringuid kasutades allolevat vormi v\u00f5i helistage telefonil:<br \/><a href=\"tel: (+372) 600 4077\">(+372) 600 4077<\/a>.<\/p><\/div><\/div>\t\t\t\t\t\t\t\t<\/div>\n\t\t\t\t<\/div>\n\t\t\t\t<div class=\"elementor-element elementor-element-e71061 elementor-button-align-end elementor-widget elementor-widget-form\" data-id=\"e71061\" data-element_type=\"widget\" data-settings=\"{&quot;step_next_label&quot;:&quot;Next&quot;,&quot;step_previous_label&quot;:&quot;Previous&quot;,&quot;button_width&quot;:&quot;100&quot;,&quot;step_type&quot;:&quot;number_text&quot;,&quot;step_icon_shape&quot;:&quot;circle&quot;}\" data-widget_type=\"form.default\">\n\t\t\t\t<div class=\"elementor-widget-container\">\n\t\t\t\t\t\t\t<form class=\"elementor-form\" method=\"post\" name=\"Kontakt form\" aria-label=\"Kontakt form\">\n\t\t\t<input type=\"hidden\" name=\"post_id\" value=\"222\"\/>\n\t\t\t<input type=\"hidden\" name=\"form_id\" value=\"e71061\"\/>\n\t\t\t<input type=\"hidden\" name=\"referer_title\" value=\"Autoprof\" \/>\n\n\t\t\t\n\t\t\t<div class=\"elementor-form-fields-wrapper elementor-labels-above\">\n\t\t\t\t\t\t\t\t<div class=\"elementor-field-type-text elementor-field-group elementor-column elementor-field-group-name elementor-col-100\">\n\t\t\t\t\t\t\t\t\t\t\t\t<label for=\"form-field-name\" class=\"elementor-field-label\">\n\t\t\t\t\t\t\t\tNimi\t\t\t\t\t\t\t<\/label>\n\t\t\t\t\t\t\t\t\t\t\t\t\t\t<input size=\"1\" type=\"text\" name=\"form_fields[name]\" id=\"form-field-name\" class=\"elementor-field elementor-size-md  elementor-field-textual\">\n\t\t\t\t\t\t\t\t\t\t\t<\/div>\n\t\t\t\t\t\t\t\t<div class=\"elementor-field-type-email elementor-field-group elementor-column elementor-field-group-email elementor-col-100 elementor-field-required elementor-mark-required\">\n\t\t\t\t\t\t\t\t\t\t\t\t<label for=\"form-field-email\" class=\"elementor-field-label\">\n\t\t\t\t\t\t\t\tEmail\t\t\t\t\t\t\t<\/label>\n\t\t\t\t\t\t\t\t\t\t\t\t\t\t<input size=\"1\" type=\"email\" name=\"form_fields[email]\" id=\"form-field-email\" class=\"elementor-field elementor-size-md  elementor-field-textual\" required=\"required\">\n\t\t\t\t\t\t\t\t\t\t\t<\/div>\n\t\t\t\t\t\t\t\t<div class=\"elementor-field-type-tel elementor-field-group elementor-column elementor-field-group-field_1f5f3cd elementor-col-100\">\n\t\t\t\t\t\t\t\t\t\t\t\t<label for=\"form-field-field_1f5f3cd\" class=\"elementor-field-label\">\n\t\t\t\t\t\t\t\tTelefon\t\t\t\t\t\t\t<\/label>\n\t\t\t\t\t\t\t\t<input size=\"1\" type=\"tel\" name=\"form_fields[field_1f5f3cd]\" id=\"form-field-field_1f5f3cd\" class=\"elementor-field elementor-size-md  elementor-field-textual\" pattern=\"[0-9()#&amp;+*-=.]+\" title=\"Only numbers and phone characters (#, -, *, etc) are accepted.\">\n\n\t\t\t\t\t\t<\/div>\n\t\t\t\t\t\t\t\t<div class=\"elementor-field-type-text elementor-field-group elementor-column elementor-field-group-field_014798b elementor-col-100\">\n\t\t\t\t\t\t\t\t\t\t\t\t<label for=\"form-field-field_014798b\" class=\"elementor-field-label\">\n\t\t\t\t\t\t\t\tTeema\t\t\t\t\t\t\t<\/label>\n\t\t\t\t\t\t\t\t\t\t\t\t\t\t<input size=\"1\" type=\"text\" name=\"form_fields[field_014798b]\" id=\"form-field-field_014798b\" class=\"elementor-field elementor-size-md  elementor-field-textual\">\n\t\t\t\t\t\t\t\t\t\t\t<\/div>\n\t\t\t\t\t\t\t\t<div class=\"elementor-field-type-text elementor-field-group elementor-column elementor-field-group-field_b84339e elementor-col-100 elementor-field-required elementor-mark-required\">\n\t\t\t\t\t\t\t\t\t\t\t\t<label for=\"form-field-field_b84339e\" class=\"elementor-field-label\">\n\t\t\t\t\t\t\t\tMudel\t\t\t\t\t\t\t<\/label>\n\t\t\t\t\t\t\t\t\t\t\t\t\t\t<input size=\"1\" type=\"text\" name=\"form_fields[field_b84339e]\" id=\"form-field-field_b84339e\" class=\"elementor-field elementor-size-md  elementor-field-textual\" required=\"required\">\n\t\t\t\t\t\t\t\t\t\t\t<\/div>\n\t\t\t\t\t\t\t\t<div class=\"elementor-field-type-text elementor-field-group elementor-column elementor-field-group-field_28fb852 elementor-col-100 elementor-field-required elementor-mark-required\">\n\t\t\t\t\t\t\t\t\t\t\t\t<label for=\"form-field-field_28fb852\" class=\"elementor-field-label\">\n\t\t\t\t\t\t\t\tAuto\/moto number\t\t\t\t\t\t\t<\/label>\n\t\t\t\t\t\t\t\t\t\t\t\t\t\t<input size=\"1\" type=\"text\" name=\"form_fields[field_28fb852]\" id=\"form-field-field_28fb852\" class=\"elementor-field elementor-size-md  elementor-field-textual\" required=\"required\">\n\t\t\t\t\t\t\t\t\t\t\t<\/div>\n\t\t\t\t\t\t\t\t<div class=\"elementor-field-type-textarea elementor-field-group elementor-column elementor-field-group-message elementor-col-100\">\n\t\t\t\t\t\t\t\t\t\t\t\t<label for=\"form-field-message\" class=\"elementor-field-label\">\n\t\t\t\t\t\t\t\tS\u00f5num\t\t\t\t\t\t\t<\/label>\n\t\t\t\t\t\t<textarea class=\"elementor-field-textual elementor-field  elementor-size-md\" name=\"form_fields[message]\" id=\"form-field-message\" rows=\"4\"><\/textarea>\t\t\t\t<\/div>\n\t\t\t\t\t\t\t\t<div class=\"elementor-field-type-hidden elementor-field-group elementor-column elementor-field-group-sbsource elementor-col-100\">\n\t\t\t\t\t\t\t\t\t\t\t\t\t<input size=\"1\" type=\"hidden\" name=\"form_fields[sbsource]\" id=\"form-field-sbsource\" class=\"elementor-field elementor-size-md  elementor-field-textual\">\n\t\t\t\t\t\t\t\t\t\t\t<\/div>\n\t\t\t\t\t\t\t\t<div class=\"elementor-field-type-recaptcha_v3 elementor-field-group elementor-column elementor-field-group-field_63c2be1 elementor-col-100 recaptcha_v3-bottomright\">\n\t\t\t\t\t<div class=\"elementor-field\" id=\"form-field-field_63c2be1\"><div class=\"elementor-g-recaptcha\" data-sitekey=\"6Lda2lAoAAAAABxRI6vCqcKu1WI_1YxiuFEKib3z\" data-type=\"v3\" data-action=\"Form\" data-badge=\"bottomright\" data-size=\"invisible\"><\/div><\/div>\t\t\t\t<\/div>\n\t\t\t\t\t\t\t\t<div class=\"elementor-field-group elementor-column elementor-field-type-submit elementor-col-100 e-form__buttons\">\n\t\t\t\t\t<button class=\"elementor-button elementor-size-lg\" type=\"submit\">\n\t\t\t\t\t\t<span class=\"elementor-button-content-wrapper\">\n\t\t\t\t\t\t\t\t\t\t\t\t\t\t\t\t\t\t\t\t\t\t<span class=\"elementor-button-text\">Saada<\/span>\n\t\t\t\t\t\t\t\t\t\t\t\t\t<\/span>\n\t\t\t\t\t<\/button>\n\t\t\t\t<\/div>\n\t\t\t<\/div>\n\t\t<\/form>\n\t\t\t\t\t\t<\/div>\n\t\t\t\t<\/div>\n\t\t\t\t\t<\/div>\n\t\t<\/div>\n\t\t\t\t<div class=\"elementor-column elementor-col-50 elementor-top-column elementor-element elementor-element-2c27adb2\" data-id=\"2c27adb2\" data-element_type=\"column\" data-settings=\"{&quot;background_background&quot;:&quot;classic&quot;}\">\n\t\t\t<div class=\"elementor-widget-wrap elementor-element-populated\">\n\t\t\t\t\t\t<div class=\"elementor-element elementor-element-2f0c816e elementor-widget elementor-widget-image\" data-id=\"2f0c816e\" data-element_type=\"widget\" data-widget_type=\"image.default\">\n\t\t\t\t<div class=\"elementor-widget-container\">\n\t\t\t\t\t\t\t\t\t\t\t\t\t\t\t<img loading=\"lazy\" decoding=\"async\" width=\"502\" height=\"660\" src=\"https:\/\/www.autoprof.ee\/wp-content\/uploads\/2020\/06\/t_502x660.jpg\" class=\"attachment-large size-large wp-image-1719\" alt=\"\" srcset=\"https:\/\/www.autoprof.ee\/wp-content\/uploads\/2020\/06\/t_502x660.jpg 502w, https:\/\/www.autoprof.ee\/wp-content\/uploads\/2020\/06\/t_502x660-228x300.jpg 228w\" sizes=\"(max-width: 502px) 100vw, 502px\" \/>\t\t\t\t\t\t\t\t\t\t\t\t\t\t\t<\/div>\n\t\t\t\t<\/div>\n\t\t\t\t<div class=\"elementor-element elementor-element-33934f9 elementor-widget elementor-widget-text-editor\" data-id=\"33934f9\" data-element_type=\"widget\" data-widget_type=\"text-editor.default\">\n\t\t\t\t<div class=\"elementor-widget-container\">\n\t\t\t\t\t\t\t\t\t<p><strong>Toomas<\/strong><br \/>M\u00fc\u00fcgispetsialist<br \/><a href=\"tel: +372 600 4077\">+372 600 4077<\/a><br \/><a href=\"mailto:kontakt@autoprof.ee\">kontakt@autoprof.ee<\/a><\/p>\t\t\t\t\t\t\t\t<\/div>\n\t\t\t\t<\/div>\n\t\t\t\t\t<\/div>\n\t\t<\/div>\n\t\t\t\t\t<\/div>\n\t\t<\/section>\n\t\t\t\t<\/div>\n\t\t","protected":false},"excerpt":{"rendered":"<p>Meie t\u00f6\u00f6tame Teie jaoks! Tere tulemast autovaruosade poodi AutoProf! Meie juurest Te leiate varuosi ja aksessuaare nii oma autole, mootorrattale, ATV-le, kui ka paljudele muudele s\u00f5idukitele. Pood alustas tegevust\u00a02017. aastal novembris meie\u00a0AutoProf Autoteeninduse\u00a0baasil. Me pakume m\u00fc\u00fcgiteenust nii online kui ka offline jaem\u00fc\u00fcgi alusel, t\u00f6\u00f6tame nii eraisikutega kui ka ettev\u00f5tetega. AutoProfi poe sortimendis on suur valik [&hellip;]<\/p>\n","protected":false},"author":2,"featured_media":760,"parent":0,"menu_order":0,"comment_status":"closed","ping_status":"closed","template":"","meta":{"_acf_changed":false,"inline_featured_image":false,"footnotes":""},"class_list":["post-222","page","type-page","status-publish","has-post-thumbnail","hentry"],"acf":[],"yoast_head":"<!-- This site is optimized with the Yoast SEO Premium plugin v23.5 (Yoast SEO v23.6) - https:\/\/yoast.com\/wordpress\/plugins\/seo\/ -->\n<title>Autokauplus - Autoprof<\/title>\n<meta name=\"robots\" content=\"index, follow, max-snippet:-1, max-image-preview:large, max-video-preview:-1\" \/>\n<link rel=\"canonical\" href=\"https:\/\/www.autoprof.ee\/et\/autokauplus\/\" \/>\n<meta property=\"og:locale\" content=\"et_EE\" \/>\n<meta property=\"og:type\" content=\"article\" \/>\n<meta property=\"og:title\" content=\"Autokauplus\" \/>\n<meta property=\"og:description\" content=\"Meie t\u00f6\u00f6tame Teie jaoks! Tere tulemast autovaruosade poodi AutoProf! Meie juurest Te leiate varuosi ja aksessuaare nii oma autole, mootorrattale, ATV-le, kui ka paljudele muudele s\u00f5idukitele. Pood alustas tegevust\u00a02017. aastal novembris meie\u00a0AutoProf Autoteeninduse\u00a0baasil. Me pakume m\u00fc\u00fcgiteenust nii online kui ka offline jaem\u00fc\u00fcgi alusel, t\u00f6\u00f6tame nii eraisikutega kui ka ettev\u00f5tetega. AutoProfi poe sortimendis on suur valik [&hellip;]\" \/>\n<meta property=\"og:url\" content=\"https:\/\/www.autoprof.ee\/et\/autokauplus\/\" \/>\n<meta property=\"og:site_name\" content=\"Autoprof\" \/>\n<meta property=\"article:publisher\" content=\"https:\/\/www.facebook.com\/autoprofautoteenindus\" \/>\n<meta property=\"article:modified_time\" content=\"2025-01-22T09:38:58+00:00\" \/>\n<meta property=\"og:image\" content=\"https:\/\/www.autoprof.ee\/wp-content\/uploads\/2020\/07\/favicon.jpg\" \/>\n\t<meta property=\"og:image:width\" content=\"512\" \/>\n\t<meta property=\"og:image:height\" content=\"512\" \/>\n\t<meta property=\"og:image:type\" content=\"image\/jpeg\" \/>\n<meta name=\"twitter:card\" content=\"summary_large_image\" \/>\n<meta name=\"twitter:label1\" content=\"Est. reading time\" \/>\n\t<meta name=\"twitter:data1\" content=\"3 minutit\" \/>\n<!-- \/ Yoast SEO Premium plugin. -->","yoast_head_json":{"title":"Autokauplus - Autoprof","robots":{"index":"index","follow":"follow","max-snippet":"max-snippet:-1","max-image-preview":"max-image-preview:large","max-video-preview":"max-video-preview:-1"},"canonical":"https:\/\/www.autoprof.ee\/et\/autokauplus\/","og_locale":"et_EE","og_type":"article","og_title":"Autokauplus","og_description":"Meie t\u00f6\u00f6tame Teie jaoks! Tere tulemast autovaruosade poodi AutoProf! Meie juurest Te leiate varuosi ja aksessuaare nii oma autole, mootorrattale, ATV-le, kui ka paljudele muudele s\u00f5idukitele. Pood alustas tegevust\u00a02017. aastal novembris meie\u00a0AutoProf Autoteeninduse\u00a0baasil. Me pakume m\u00fc\u00fcgiteenust nii online kui ka offline jaem\u00fc\u00fcgi alusel, t\u00f6\u00f6tame nii eraisikutega kui ka ettev\u00f5tetega. AutoProfi poe sortimendis on suur valik [&hellip;]","og_url":"https:\/\/www.autoprof.ee\/et\/autokauplus\/","og_site_name":"Autoprof","article_publisher":"https:\/\/www.facebook.com\/autoprofautoteenindus","article_modified_time":"2025-01-22T09:38:58+00:00","og_image":[{"width":512,"height":512,"url":"https:\/\/www.autoprof.ee\/wp-content\/uploads\/2020\/07\/favicon.jpg","type":"image\/jpeg"}],"twitter_card":"summary_large_image","twitter_misc":{"Est. reading time":"3 minutit"},"schema":{"@context":"https:\/\/schema.org","@graph":[{"@type":"WebPage","@id":"https:\/\/www.autoprof.ee\/et\/autokauplus\/","url":"https:\/\/www.autoprof.ee\/et\/autokauplus\/","name":"Autokauplus - Autoprof","isPartOf":{"@id":"https:\/\/www.autoprof.ee\/et\/#website"},"primaryImageOfPage":{"@id":"https:\/\/www.autoprof.ee\/et\/autokauplus\/#primaryimage"},"image":{"@id":"https:\/\/www.autoprof.ee\/et\/autokauplus\/#primaryimage"},"thumbnailUrl":"https:\/\/www.autoprof.ee\/wp-content\/uploads\/2020\/07\/favicon.jpg","datePublished":"2020-06-12T08:54:15+00:00","dateModified":"2025-01-22T09:38:58+00:00","breadcrumb":{"@id":"https:\/\/www.autoprof.ee\/et\/autokauplus\/#breadcrumb"},"inLanguage":"et","potentialAction":[{"@type":"ReadAction","target":["https:\/\/www.autoprof.ee\/et\/autokauplus\/"]}]},{"@type":"ImageObject","inLanguage":"et","@id":"https:\/\/www.autoprof.ee\/et\/autokauplus\/#primaryimage","url":"https:\/\/www.autoprof.ee\/wp-content\/uploads\/2020\/07\/favicon.jpg","contentUrl":"https:\/\/www.autoprof.ee\/wp-content\/uploads\/2020\/07\/favicon.jpg","width":512,"height":512,"caption":"favicon"},{"@type":"BreadcrumbList","@id":"https:\/\/www.autoprof.ee\/et\/autokauplus\/#breadcrumb","itemListElement":[{"@type":"ListItem","position":1,"name":"Avaleht","item":"https:\/\/www.autoprof.ee\/et\/"},{"@type":"ListItem","position":2,"name":"Autokauplus"}]},{"@type":"WebSite","@id":"https:\/\/www.autoprof.ee\/et\/#website","url":"https:\/\/www.autoprof.ee\/et\/","name":"Autoprof","description":"Autoremont ja Autoteenindus","publisher":{"@id":"https:\/\/www.autoprof.ee\/et\/#organization"},"potentialAction":[{"@type":"SearchAction","target":{"@type":"EntryPoint","urlTemplate":"https:\/\/www.autoprof.ee\/et\/?s={search_term_string}"},"query-input":{"@type":"PropertyValueSpecification","valueRequired":true,"valueName":"search_term_string"}}],"inLanguage":"et"},{"@type":"Organization","@id":"https:\/\/www.autoprof.ee\/et\/#organization","name":"AutoProf Autoteenindus","url":"https:\/\/www.autoprof.ee\/et\/","logo":{"@type":"ImageObject","inLanguage":"et","@id":"https:\/\/www.autoprof.ee\/et\/#\/schema\/logo\/image\/","url":"https:\/\/www.autoprof.ee\/wp-content\/uploads\/2020\/07\/favicon.jpg","contentUrl":"https:\/\/www.autoprof.ee\/wp-content\/uploads\/2020\/07\/favicon.jpg","width":512,"height":512,"caption":"AutoProf Autoteenindus"},"image":{"@id":"https:\/\/www.autoprof.ee\/et\/#\/schema\/logo\/image\/"},"sameAs":["https:\/\/www.facebook.com\/autoprofautoteenindus","https:\/\/www.instagram.com\/autoprof.ee","https:\/\/www.youtube.com\/channel\/UCwWwJw8FD-j5drMclm-yLSg"]}]}},"_links":{"self":[{"href":"https:\/\/www.autoprof.ee\/et\/wp-json\/wp\/v2\/pages\/222"}],"collection":[{"href":"https:\/\/www.autoprof.ee\/et\/wp-json\/wp\/v2\/pages"}],"about":[{"href":"https:\/\/www.autoprof.ee\/et\/wp-json\/wp\/v2\/types\/page"}],"author":[{"embeddable":true,"href":"https:\/\/www.autoprof.ee\/et\/wp-json\/wp\/v2\/users\/2"}],"replies":[{"embeddable":true,"href":"https:\/\/www.autoprof.ee\/et\/wp-json\/wp\/v2\/comments?post=222"}],"version-history":[{"count":14,"href":"https:\/\/www.autoprof.ee\/et\/wp-json\/wp\/v2\/pages\/222\/revisions"}],"predecessor-version":[{"id":3695,"href":"https:\/\/www.autoprof.ee\/et\/wp-json\/wp\/v2\/pages\/222\/revisions\/3695"}],"wp:featuredmedia":[{"embeddable":true,"href":"https:\/\/www.autoprof.ee\/et\/wp-json\/wp\/v2\/media\/760"}],"wp:attachment":[{"href":"https:\/\/www.autoprof.ee\/et\/wp-json\/wp\/v2\/media?parent=222"}],"curies":[{"name":"wp","href":"https:\/\/api.w.org\/{rel}","templated":true}]}}