{"id":208,"date":"2020-06-12T11:25:33","date_gmt":"2020-06-12T08:25:33","guid":{"rendered":"https:\/\/stg.blueglass.ee\/autoprof\/?page_id=208"},"modified":"2025-11-14T19:26:24","modified_gmt":"2025-11-14T16:26:24","slug":"hinnakiri","status":"publish","type":"page","link":"https:\/\/www.autoprof.ee\/et\/hinnakiri\/","title":{"rendered":"Hinnakiri"},"content":{"rendered":"\t\t<div data-elementor-type=\"wp-page\" data-elementor-id=\"208\" class=\"elementor elementor-208\" data-elementor-post-type=\"page\">\n\t\t\t\t\t\t<section class=\"elementor-section elementor-top-section elementor-element elementor-element-5b85f35 elementor-section-height-min-height elementor-section-boxed elementor-section-height-default elementor-section-items-middle\" data-id=\"5b85f35\" data-element_type=\"section\" data-settings=\"{&quot;background_background&quot;:&quot;classic&quot;,&quot;background_image&quot;:{&quot;url&quot;:&quot;https:\\\/\\\/www.autoprof.ee\\\/wp-content\\\/uploads\\\/2022\\\/05\\\/photo-1486262715619-67b85e0b08d3.webp&quot;,&quot;id&quot;:1945,&quot;size&quot;:&quot;&quot;,&quot;alt&quot;:&quot;&quot;,&quot;source&quot;:&quot;library&quot;},&quot;shape_divider_bottom&quot;:&quot;triangle&quot;,&quot;shape_divider_bottom_negative&quot;:&quot;yes&quot;}\">\n\t\t\t\t\t\t\t<div class=\"elementor-background-overlay\"><\/div>\n\t\t\t\t\t\t<div class=\"elementor-shape elementor-shape-bottom\" aria-hidden=\"true\" data-negative=\"true\">\n\t\t\t<svg xmlns=\"http:\/\/www.w3.org\/2000\/svg\" viewBox=\"0 0 1000 100\" preserveAspectRatio=\"none\">\n\t<path class=\"elementor-shape-fill\" d=\"M500.2,94.7L0,0v100h1000V0L500.2,94.7z\"\/>\n<\/svg>\t\t<\/div>\n\t\t\t\t\t<div class=\"elementor-container elementor-column-gap-default\">\n\t\t\t\t\t<div class=\"elementor-column elementor-col-100 elementor-top-column elementor-element elementor-element-beea384\" data-id=\"beea384\" data-element_type=\"column\">\n\t\t\t<div class=\"elementor-widget-wrap elementor-element-populated\">\n\t\t\t\t\t\t<div class=\"elementor-element elementor-element-b1cef9f elementor-widget elementor-widget-heading\" data-id=\"b1cef9f\" data-element_type=\"widget\" data-widget_type=\"heading.default\">\n\t\t\t\t<div class=\"elementor-widget-container\">\n\t\t\t\t\t<h1 class=\"elementor-heading-title elementor-size-default\">Hinnakiri<\/h1>\t\t\t\t<\/div>\n\t\t\t\t<\/div>\n\t\t\t\t\t<\/div>\n\t\t<\/div>\n\t\t\t\t\t<\/div>\n\t\t<\/section>\n\t\t\t\t<section class=\"elementor-section elementor-top-section elementor-element elementor-element-06f3fca elementor-section-boxed elementor-section-height-default elementor-section-height-default\" data-id=\"06f3fca\" data-element_type=\"section\" data-settings=\"{&quot;background_background&quot;:&quot;classic&quot;,&quot;background_image&quot;:{&quot;url&quot;:&quot;&quot;,&quot;id&quot;:&quot;&quot;,&quot;size&quot;:&quot;&quot;}}\">\n\t\t\t\t\t\t<div class=\"elementor-container elementor-column-gap-default\">\n\t\t\t\t\t<div class=\"elementor-column elementor-col-100 elementor-top-column elementor-element elementor-element-0ceb673\" data-id=\"0ceb673\" data-element_type=\"column\">\n\t\t\t<div class=\"elementor-widget-wrap elementor-element-populated\">\n\t\t\t\t\t\t<div class=\"elementor-element elementor-element-8e289b0 elementor-align-left elementor-widget elementor-widget-breadcrumbs\" data-id=\"8e289b0\" data-element_type=\"widget\" data-widget_type=\"breadcrumbs.default\">\n\t\t\t\t<div class=\"elementor-widget-container\">\n\t\t\t\t\t<p id=\"breadcrumbs\"><span><span><a href=\"https:\/\/www.autoprof.ee\/et\/\">Avaleht<\/a><\/span><\/span><\/p>\t\t\t\t<\/div>\n\t\t\t\t<\/div>\n\t\t\t\t\t<\/div>\n\t\t<\/div>\n\t\t\t\t\t<\/div>\n\t\t<\/section>\n\t\t\t\t<section class=\"elementor-section elementor-top-section elementor-element elementor-element-8092af3 elementor-section-boxed elementor-section-height-default elementor-section-height-default\" data-id=\"8092af3\" data-element_type=\"section\">\n\t\t\t\t\t\t<div class=\"elementor-container elementor-column-gap-default\">\n\t\t\t\t\t<div class=\"elementor-column elementor-col-100 elementor-top-column elementor-element elementor-element-253c8ac\" data-id=\"253c8ac\" data-element_type=\"column\">\n\t\t\t<div class=\"elementor-widget-wrap elementor-element-populated\">\n\t\t\t\t\t\t<div class=\"elementor-element elementor-element-5b703aa elementor-widget-mobile__width-initial elementor-widget elementor-widget-heading\" data-id=\"5b703aa\" data-element_type=\"widget\" data-widget_type=\"heading.default\">\n\t\t\t\t<div class=\"elementor-widget-container\">\n\t\t\t\t\t<h2 class=\"elementor-heading-title elementor-size-default\">AUTOPROF TEENUSTE HINNAKIRI 2025<\/h2>\t\t\t\t<\/div>\n\t\t\t\t<\/div>\n\t\t\t\t<div class=\"elementor-element elementor-element-007ec82 elementor-widget-mobile__width-initial elementor-widget elementor-widget-text-editor\" data-id=\"007ec82\" data-element_type=\"widget\" data-widget_type=\"text-editor.default\">\n\t\t\t\t<div class=\"elementor-widget-container\">\n\t\t\t\t\t\t\t\t\t<table width=\"100%\">\n<tbody>\n<tr>\n<td width=\"58\">NR.<\/td>\n<td width=\"359\">KIRJELDUS<\/td>\n<td width=\"86\">KOGUS<\/td>\n<td width=\"89\">HIND, EUR<\/td>\n<\/tr>\n<tr>\n<td>1<\/td>\n<td>Remondit\u00f6\u00f6d (s\u00f5iduautod)*<\/td>\n<td>1 tund<\/td>\n<td>53.00<\/td>\n<\/tr>\n<tr>\n<td>2<\/td>\n<td>Remondit\u00f6\u00f6d (kaubikud, maasturid)**<\/td>\n<td>1 tund<\/td>\n<td>56.00<\/td>\n<\/tr>\n<tr>\n<td>3<\/td>\n<td>WEBASTO veakoodide lugemine (0,5 tundi)<\/td>\n<td>1 tk<\/td>\n<td>41.00<\/td>\n<\/tr>\n<tr>\n<td>4<\/td>\n<td>Hooldus s\u00f5iduautodele*<\/td>\n<td>1 tund<\/td>\n<td>53.00<\/td>\n<\/tr>\n<tr>\n<td>5<\/td>\n<td>Hooldus kaubikutele, maasturitele**<\/td>\n<td>1 tund<\/td>\n<td>56.00<\/td>\n<\/tr>\n<tr>\n<td>6<\/td>\n<td>WEBASTO hooldustest arvutiga (1 tund)<\/td>\n<td>1 tk<\/td>\n<td>61.00<\/td>\n<\/tr>\n<tr>\n<td>7<\/td>\n<td>Auto diagnostikat\u00f6\u00f6d<\/td>\n<td>1 tund<\/td>\n<td>57.00<\/td>\n<\/tr>\n<tr>\n<td>8<\/td>\n<td>Veakoodide lugemine ja kustutamine (1 kord)<\/td>\n<td>1 tk<\/td>\n<td>57.00<\/td>\n<\/tr>\n<tr>\n<td>9<\/td>\n<td>Keevitust\u00f6\u00f6d<\/td>\n<td>1 tund<\/td>\n<td>57.00<\/td>\n<\/tr>\n<tr>\n<td>10<\/td>\n<td>Mootori remondit\u00f6\u00f6d<\/td>\n<td>1 tund<\/td>\n<td>57.00<\/td>\n<\/tr>\n<tr>\n<td>11<\/td>\n<td>Piduris\u00fcsteemi remont<\/td>\n<td>1 tund<\/td>\n<td>57.00<\/td>\n<\/tr>\n<tr>\n<td>12<\/td>\n<td>Elektrit\u00f6\u00f6d<\/td>\n<td>1 tund<\/td>\n<td>58.00<\/td>\n<\/tr>\n<tr>\n<td>13<\/td>\n<td>Veermiku kontroll<\/td>\n<td>1\/2 tundi<\/td>\n<td>36.00<\/td>\n<\/tr>\n<tr>\n<td>14<\/td>\n<td>\u00d5livahetus<\/td>\n<td>1\/2 tundi<\/td>\n<td>31.00<\/td>\n<\/tr>\n<tr>\n<td>15<\/td>\n<td>\u00d5livahetus (arvutiga)<\/td>\n<td>1 tund<\/td>\n<td>53.00<\/td>\n<\/tr>\n<tr>\n<td>16<\/td>\n<td>Konditsioneeri hooldus ja t\u00e4itmine<\/td>\n<td>1 tk<\/td>\n<td>53.00<\/td>\n<\/tr>\n<tr>\n<td>17<\/td>\n<td>Piduriklotside hooldus s\u00f5iduauto (1 telg 71 eurot)<\/td>\n<td>1 klots<\/td>\n<td>36.00<\/td>\n<\/tr>\n<tr>\n<td>18<\/td>\n<td>Piduriklotside hooldus maastur ja kaubik (1 telg 81 eurot)<\/td>\n<td>1 klots<\/td>\n<td>41.00<\/td>\n<\/tr>\n<tr>\n<td>19<\/td>\n<td>K\u00e4sipiduri hooldus (s\u00fcsteem 81 eurot)<\/td>\n<td>1 ratas<\/td>\n<td>41.00<\/td>\n<\/tr>\n<tr>\n<td>20<\/td>\n<td>Remondit\u00f6\u00f6d (kaubikud, rasketehnika)***<\/td>\n<td>1 tund<\/td>\n<td>73.00<\/td>\n<\/tr>\n<tr>\n<td>21<\/td>\n<td>Hooldus kaubikutele, rasketehnikale***<\/td>\n<td>1 tund<\/td>\n<td>73.00<\/td>\n<\/tr>\n<tr>\n<td>22<\/td>\n<td>Eesmise telje joondamine<\/td>\n<td>1 kord<\/td>\n<td>61.00<\/td>\n<\/tr>\n<tr>\n<td>23<\/td>\n<td>Eesmise ja tagumise telje joondamine<\/td>\n<td>1 kord<\/td>\n<td>66.00<\/td>\n<\/tr>\n<tr>\n<td>24<\/td>\n<td>T\u00f6\u00f6d erijuhtudel (kokkuleppel)<\/td>\n<td>1 tund<\/td>\n<td>STANDARDHIND X1.5<\/td>\n<\/tr>\n<tr>\n<td colspan=\"2\">* LUKSEPPA- JA HOOLDUST\u00d6\u00d6D KLIENDI VARUOSADEGA S\u00d5IDUAUTOD<\/td>\n<td>1 tund<\/td>\n<td width=\"89\">56.00<\/td>\n<\/tr>\n<tr>\n<td colspan=\"2\">** LUKSEPPA- JA HOOLDUST\u00d6\u00d6D KLIENDI VARUOSADEGA KAUBIKUD, MAASTURID<\/td>\n<td>1 tund<\/td>\n<td width=\"89\">61.00<\/td>\n<\/tr>\n<tr>\n<td colspan=\"2\">*** LUKSEPPA- JA HOOLDUST\u00d6\u00d6D KLIENDI VARUOSADEGA RASKETEHNIKA<\/td>\n<td>1 tund<\/td>\n<td width=\"89\">71.00<\/td>\n<\/tr>\n<\/tbody>\n<\/table>\n<h2><strong>REHVITEENUS 2025<\/strong><\/h2>\n<div><p><strong>AUTOREHVIDE T\u00c4ISVAHETAMINE (4 rehvi)<\/strong><\/p>\n<table width=\"100%\">\n<tbody>\n<tr>\n<td>NR.<\/td>\n<td colspan=\"4\">VELJE T\u00dc\u00dcP JA SUURUS<\/td>\n<td>KOGUS<\/td>\n<td>HIND, EUR<\/td>\n<\/tr>\n<tr>\n<td>1<\/td>\n<td colspan=\"4\">Terasvelg 10\u2033 \u2013 13\u2033<\/td>\n<td>4 tk.<\/td>\n<td>51.00<\/td>\n<\/tr>\n<tr>\n<td>2<\/td>\n<td colspan=\"4\">Terasvelg 14\u2033 \u2013 15\u2033<\/td>\n<td>4 tk.<\/td>\n<td>56.00<\/td>\n<\/tr>\n<tr>\n<td>3<\/td>\n<td colspan=\"4\">Terasvelg 16\u2033 \u2013 18\u2033<\/td>\n<td>4 tk.<\/td>\n<td>60.00<\/td>\n<\/tr>\n<tr>\n<td>4<\/td>\n<td colspan=\"4\">Terasvelg 19\u2033 \u2013 21\u2033<\/td>\n<td>4 tk.<\/td>\n<td>73.00<\/td>\n<\/tr>\n<tr>\n<td>5<\/td>\n<td colspan=\"4\">Keraamikvelg 12\u2033 \u2013 13\u2033<\/td>\n<td>4 tk.<\/td>\n<td>60.00<\/td>\n<\/tr>\n<tr>\n<td>6<\/td>\n<td colspan=\"4\">Keraamikvelg 14\u2033 \u2013 15\u2033<\/td>\n<td>4 tk.<\/td>\n<td>60.00<\/td>\n<\/tr>\n<tr>\n<td>7<\/td>\n<td colspan=\"4\">Keraamikvelg 16\u2033 \u2013 17\u2033<\/td>\n<td>4 tk.<\/td>\n<td>60.00<\/td>\n<\/tr>\n<tr>\n<td>8<\/td>\n<td colspan=\"4\">Keraamikvelg 18\u2033 \u2013 19\u2033<\/td>\n<td>4 tk.<\/td>\n<td>73.00<\/td>\n<\/tr>\n<tr>\n<td>9<\/td>\n<td colspan=\"4\">Keraamikvelg 20\u2033 \u2013 21\u2033<\/td>\n<td>4 tk.<\/td>\n<td>97.00<\/td>\n<\/tr>\n<tr>\n<td>NB!<\/td>\n<td colspan=\"4\">Run-On-Flat rehv<\/td>\n<td>1 tk.<\/td>\n<td>+15.00<\/td>\n<\/tr>\n<\/tbody>\n<\/table>\n<\/div>\n<div><p><strong>KERGS\u00d5IDUKI REHVIDE T\u00c4ISVAHETAMINE (4 rehvi)<\/strong><\/p>\n<table width=\"100%\">\n<tbody>\n<tr>\n<td>NR.<\/td>\n<td colspan=\"4\">VELJE T\u00dc\u00dcP JA SUURUS<\/td>\n<td>KOGUS<\/td>\n<td>HIND, EUR<\/td>\n<\/tr>\n<tr>\n<td>1<\/td>\n<td colspan=\"4\">14\u2033 \u2013 15\u2033<\/td>\n<td>4 tk.<\/td>\n<td>80.00<\/td>\n<\/tr>\n<tr>\n<td>2<\/td>\n<td colspan=\"4\">16\u2033 \u2013 17\u2033<\/td>\n<td>4 tk.<\/td>\n<td>80.00<\/td>\n<\/tr>\n<tr>\n<td>3<\/td>\n<td colspan=\"4\">18\u2033 \u2013 19\u2033<\/td>\n<td>4 tk.<\/td>\n<td>80.00<\/td>\n<\/tr>\n<tr>\n<td>4<\/td>\n<td colspan=\"4\">20\u2033 \u2013 21\u2033<\/td>\n<td>4 tk.<\/td>\n<td>97.00<\/td>\n<\/tr>\n<\/tbody>\n<\/table>\n<\/div>\n<div><p><strong>MAASTUR (4 rehvi)<\/strong><\/p>\n<table width=\"100%\">\n<tbody>\n<tr>\n<td>NR.<\/td>\n<td colspan=\"4\">VELJE T\u00dc\u00dcP JA SUURUS<\/td>\n<td>KOGUS<\/td>\n<td>HIND, EUR<\/td>\n<\/tr>\n<tr>\n<td>1<\/td>\n<td colspan=\"4\">14\u2033 \u2013 15\u2033<\/td>\n<td>4 tk.<\/td>\n<td>80.00<\/td>\n<\/tr>\n<tr>\n<td>2<\/td>\n<td colspan=\"4\">16\u2033 \u2013 17\u2033<\/td>\n<td>4 tk.<\/td>\n<td>80.00<\/td>\n<\/tr>\n<tr>\n<td>3<\/td>\n<td colspan=\"4\">18\u2033 \u2013 19\u2033<\/td>\n<td>4 tk.<\/td>\n<td>80.00<\/td>\n<\/tr>\n<tr>\n<td>4<\/td>\n<td colspan=\"4\">20\u2033 \u2013 21\u2033<\/td>\n<td>4 tk.<\/td>\n<td>97.00<\/td>\n<\/tr>\n<\/tbody>\n<\/table>\n<\/div>\n<h2><strong>INFO JA TINGIMUSED<\/strong><\/h2>\n<p>Rehvide t\u00e4ielik vahetus sisaldab:<\/p>\n<ul>\n<li>Ratta eemaldamine\/paigaldamine, rehvi vahetus, ratta tasakaalustamine.<\/li>\n<li>Ratta tasakaalustamine sisaldab tasuta tasakaalustusmasside paigaldamist kuni 100g rattale.<\/li>\n<li>Lisatasakaalustusmasside hind vastavalt hinnakirjale.<\/li>\n<li>Eemaldatud rehvide\/rataste pakkimine, et hoida klientide autod puhtana.<\/li>\n<li>Run-On-Flat rehvi paigaldamise korral lisandub 15 EUR i<span style=\"white-space-collapse: preserve;\" data-src-align=\"3:6\">ga<\/span> <span style=\"white-space-collapse: preserve;\" data-src-align=\"10:6\">ratta<\/span> <span style=\"white-space-collapse: preserve;\" data-src-align=\"0:2\">kohta<\/span><span style=\"white-space-collapse: preserve;\">.<\/span><\/li>\n<li>K\u00f5ik hinnad on eurodes ja sisaldavad 24% k\u00e4ibemaksu VAT.<\/li>\n<\/ul>\n<h2><strong>LISATEENUSED 2025<\/strong><\/h2>\n<table width=\"593\">\n<tbody>\n<tr>\n<td width=\"58\">NR.<\/td>\n<td width=\"262\">T\u00dc\u00dcP JA SUURUS<\/td>\n<td width=\"108\"><\/td>\n<td width=\"77\">KOGUS<\/td>\n<td width=\"88\">HIND, EUR<\/td>\n<\/tr>\n<tr>\n<td>1<\/td>\n<td rowspan=\"5\">Paigaldamine\/eemaldamine<\/td>\n<td>12\u2033 \u2013 14\u2033<\/td>\n<td>1 tk.<\/td>\n<td>15.00<\/td>\n<\/tr>\n<tr>\n<td>2<\/td>\n<td>15\u2033 \u2013 16\u2033<\/td>\n<td>1 tk.<\/td>\n<td>15.00<\/td>\n<\/tr>\n<tr>\n<td>3<\/td>\n<td>17\u2033 \u2013 18\u2033<\/td>\n<td>1 tk.<\/td>\n<td>15.00<\/td>\n<\/tr>\n<tr>\n<td>4<\/td>\n<td>19\u2033 \u2013 20\u2033<\/td>\n<td>1 tk.<\/td>\n<td>25.00<\/td>\n<\/tr>\n<tr>\n<td>5<\/td>\n<td>21\u2033 \u2013 22\u2033<\/td>\n<td>1 tk.<\/td>\n<td>25.00<\/td>\n<\/tr>\n<tr>\n<td>NB!<\/td>\n<td>Run-On-Flat rehv<\/td>\n<td><\/td>\n<td>1 tk.<\/td>\n<td>+12.00<\/td>\n<\/tr>\n<tr>\n<td>6<\/td>\n<td rowspan=\"2\">Tasakaalustamine<\/td>\n<td>12\u2033 \u2013 17\u2033<\/td>\n<td>1 tk.<\/td>\n<td>10.00<\/td>\n<\/tr>\n<tr>\n<td>7<\/td>\n<td>18\u2033 \u2013 19\u2033<\/td>\n<td>1 tk.<\/td>\n<td>10.00<\/td>\n<\/tr>\n<tr>\n<td>8<\/td>\n<td>1 komplekt (4 ratast)<\/td>\n<td>teras<\/td>\n<td>4 tk.<\/td>\n<td>41.00<\/td>\n<\/tr>\n<tr>\n<td>9<\/td>\n<td>1 komplekt (4 ratast)<\/td>\n<td>keraamik<\/td>\n<td>4 tk.<\/td>\n<td>41.00<\/td>\n<\/tr>\n<tr>\n<td>10<\/td>\n<td rowspan=\"5\">Ratta eemaldamine\/paigaldamine<\/td>\n<td>12\u2033 \u2013 14\u2033<\/td>\n<td>1 tk.<\/td>\n<td>10.00<\/td>\n<\/tr>\n<tr>\n<td>11<\/td>\n<td>15\u2033 \u2013 16\u2033<\/td>\n<td>1 tk.<\/td>\n<td>10.00<\/td>\n<\/tr>\n<tr>\n<td>12<\/td>\n<td>17\u2033 \u2013 18\u2033<\/td>\n<td>1 tk.<\/td>\n<td>10.00<\/td>\n<\/tr>\n<tr>\n<td>13<\/td>\n<td>19\u2033 \u2013 20\u2033<\/td>\n<td>1 tk.<\/td>\n<td>10.00<\/td>\n<\/tr>\n<tr>\n<td>14<\/td>\n<td>21\u2033 \u2013 22\u2033<\/td>\n<td>1 tk.<\/td>\n<td>11.00<\/td>\n<\/tr>\n<tr>\n<td>15<\/td>\n<td colspan=\"2\">Rehvir\u00f5hu kontroll<\/td>\n<td>1 tk.<\/td>\n<td>10.00<\/td>\n<\/tr>\n<tr>\n<td>16<\/td>\n<td colspan=\"2\">Rehvi remont k\u00f6ietulpaga<\/td>\n<td>1 tk.<\/td>\n<td>20.00<\/td>\n<\/tr>\n<tr>\n<td>17<\/td>\n<td colspan=\"2\">Rehvi remont laaditulpaga<\/td>\n<td>1 tk.<\/td>\n<td>46.00<\/td>\n<\/tr>\n<tr>\n<td>18<\/td>\n<td colspan=\"2\">Rehvi kinnitamine tihendiga<\/td>\n<td>1 ratas<\/td>\n<td>10.00<\/td>\n<\/tr>\n<tr>\n<td>19<\/td>\n<td colspan=\"2\">Rehvi nippli vahetamine<\/td>\n<td>1 tk.<\/td>\n<td>5.00<\/td>\n<\/tr>\n<tr>\n<td>20<\/td>\n<td colspan=\"2\">Rehvide hoiustamine<\/td>\n<td>6 kuud<\/td>\n<td>46.00<\/td>\n<\/tr>\n<tr>\n<td>21<\/td>\n<td colspan=\"2\">Parkimine (iga p\u00e4ev)<\/td>\n<td>1 p\u00e4ev<\/td>\n<td>25.00<\/td>\n<\/tr>\n<\/tbody>\n<\/table>\n<h2><strong>AUTOPROF HAAGISE RENT 2025<\/strong><\/h2>\n<table width=\"100%\">\n<tbody>\n<tr>\n<td>NR.<\/td>\n<td colspan=\"4\">RENDIPERIOOD<\/td>\n<td>KOGUS<\/td>\n<td>HIND, EUR<\/td>\n<\/tr>\n<tr>\n<td>1<\/td>\n<td colspan=\"4\">Kuni 3 tundi<\/td>\n<td>1 tk.<\/td>\n<td>20.00<\/td>\n<\/tr>\n<tr>\n<td>2<\/td>\n<td colspan=\"4\">Kuni 12 tundi<\/td>\n<td>1 tk.<\/td>\n<td>24.00<\/td>\n<\/tr>\n<tr>\n<td>3<\/td>\n<td colspan=\"4\">Kuni 24 tundi<\/td>\n<td>1 tk.<\/td>\n<td>29.00<\/td>\n<\/tr>\n<tr>\n<td>4<\/td>\n<td colspan=\"4\">Iga j\u00e4rgnev 24 tundi<\/td>\n<td>1 tk.<\/td>\n<td>29.00<\/td>\n<\/tr>\n<\/tbody>\n<\/table>\t\t\t\t\t\t\t\t<\/div>\n\t\t\t\t<\/div>\n\t\t\t\t\t<\/div>\n\t\t<\/div>\n\t\t\t\t\t<\/div>\n\t\t<\/section>\n\t\t<div class=\"elementor-element elementor-element-51cadc8 e-flex e-con-boxed e-con e-parent\" data-id=\"51cadc8\" data-element_type=\"container\">\n\t\t\t\t\t<div class=\"e-con-inner\">\n\t\t\t\t<div class=\"elementor-element elementor-element-4ca33ce elementor-view-stacked elementor-position-left elementor-shape-circle elementor-mobile-position-top elementor-widget elementor-widget-icon-box\" data-id=\"4ca33ce\" data-element_type=\"widget\" data-widget_type=\"icon-box.default\">\n\t\t\t\t<div class=\"elementor-widget-container\">\n\t\t\t\t\t\t\t<div class=\"elementor-icon-box-wrapper\">\n\n\t\t\t\t\t\t<div class=\"elementor-icon-box-icon\">\n\t\t\t\t<span  class=\"elementor-icon\">\n\t\t\t\t<i aria-hidden=\"true\" class=\"fas fa-exclamation-triangle\"><\/i>\t\t\t\t<\/span>\n\t\t\t<\/div>\n\t\t\t\n\t\t\t\t\t\t<div class=\"elementor-icon-box-content\">\n\n\t\t\t\t\t\t\t\t\t<h3 class=\"elementor-icon-box-title\">\n\t\t\t\t\t\t<span  >\n\t\t\t\t\t\t\tTeave ja tingimused\t\t\t\t\t\t<\/span>\n\t\t\t\t\t<\/h3>\n\t\t\t\t\n\t\t\t\t\t\t\t\t\t<p class=\"elementor-icon-box-description\">\n\t\t\t\t\t\t<span style=\"font-size: 17.6px\">K\u00f5ik antud hinnad on eurodes ja sisaldavad k\u00e4ibemaksu 24% VAT.<\/span>\t\t\t\t\t<\/p>\n\t\t\t\t\n\t\t\t<\/div>\n\t\t\t\n\t\t<\/div>\n\t\t\t\t\t\t<\/div>\n\t\t\t\t<\/div>\n\t\t\t\t<div class=\"elementor-element elementor-element-6a6bc60 elementor-widget-divider--view-line elementor-widget elementor-widget-divider\" data-id=\"6a6bc60\" data-element_type=\"widget\" data-widget_type=\"divider.default\">\n\t\t\t\t<div class=\"elementor-widget-container\">\n\t\t\t\t\t\t\t<div class=\"elementor-divider\">\n\t\t\t<span class=\"elementor-divider-separator\">\n\t\t\t\t\t\t<\/span>\n\t\t<\/div>\n\t\t\t\t\t\t<\/div>\n\t\t\t\t<\/div>\n\t\t\t\t\t<\/div>\n\t\t\t\t<\/div>\n\t\t\t\t<\/div>\n\t\t","protected":false},"excerpt":{"rendered":"<p>AUTOPROF TEENUSTE HINNAKIRI 2025 NR. KIRJELDUS KOGUS HIND, EUR 1 Remondit\u00f6\u00f6d (s\u00f5iduautod)* 1 tund 53.00 2 Remondit\u00f6\u00f6d (kaubikud, maasturid)** 1 tund 56.00 3 WEBASTO veakoodide lugemine (0,5 tundi) 1 tk 41.00 4 Hooldus s\u00f5iduautodele* 1 tund 53.00 5 Hooldus kaubikutele, maasturitele** 1 tund 56.00 6 WEBASTO hooldustest arvutiga (1 tund) 1 tk 61.00 7 Auto [&hellip;]<\/p>\n","protected":false},"author":2,"featured_media":760,"parent":0,"menu_order":0,"comment_status":"closed","ping_status":"closed","template":"","meta":{"_acf_changed":false,"inline_featured_image":false,"footnotes":""},"class_list":["post-208","page","type-page","status-publish","has-post-thumbnail","hentry"],"acf":[],"yoast_head":"<!-- This site is optimized with the Yoast SEO Premium plugin v23.5 (Yoast SEO v23.6) - https:\/\/yoast.com\/wordpress\/plugins\/seo\/ -->\n<title>Hinnakiri - Autoprof<\/title>\n<meta name=\"robots\" content=\"index, follow, max-snippet:-1, max-image-preview:large, max-video-preview:-1\" \/>\n<link rel=\"canonical\" href=\"https:\/\/www.autoprof.ee\/et\/hinnakiri\/\" \/>\n<meta property=\"og:locale\" content=\"et_EE\" \/>\n<meta property=\"og:type\" content=\"article\" \/>\n<meta property=\"og:title\" content=\"Hinnakiri\" \/>\n<meta property=\"og:description\" content=\"AUTOPROF TEENUSTE HINNAKIRI 2025 NR. KIRJELDUS KOGUS HIND, EUR 1 Remondit\u00f6\u00f6d (s\u00f5iduautod)* 1 tund 53.00 2 Remondit\u00f6\u00f6d (kaubikud, maasturid)** 1 tund 56.00 3 WEBASTO veakoodide lugemine (0,5 tundi) 1 tk 41.00 4 Hooldus s\u00f5iduautodele* 1 tund 53.00 5 Hooldus kaubikutele, maasturitele** 1 tund 56.00 6 WEBASTO hooldustest arvutiga (1 tund) 1 tk 61.00 7 Auto [&hellip;]\" \/>\n<meta property=\"og:url\" content=\"https:\/\/www.autoprof.ee\/et\/hinnakiri\/\" \/>\n<meta property=\"og:site_name\" content=\"Autoprof\" \/>\n<meta property=\"article:publisher\" content=\"https:\/\/www.facebook.com\/autoprofautoteenindus\" \/>\n<meta property=\"article:modified_time\" content=\"2025-11-14T16:26:24+00:00\" \/>\n<meta property=\"og:image\" content=\"https:\/\/www.autoprof.ee\/wp-content\/uploads\/2020\/07\/favicon.jpg\" \/>\n\t<meta property=\"og:image:width\" content=\"512\" \/>\n\t<meta property=\"og:image:height\" content=\"512\" \/>\n\t<meta property=\"og:image:type\" content=\"image\/jpeg\" \/>\n<meta name=\"twitter:card\" content=\"summary_large_image\" \/>\n<meta name=\"twitter:label1\" content=\"Est. reading time\" \/>\n\t<meta name=\"twitter:data1\" content=\"4 minutit\" \/>\n<!-- \/ Yoast SEO Premium plugin. -->","yoast_head_json":{"title":"Hinnakiri - Autoprof","robots":{"index":"index","follow":"follow","max-snippet":"max-snippet:-1","max-image-preview":"max-image-preview:large","max-video-preview":"max-video-preview:-1"},"canonical":"https:\/\/www.autoprof.ee\/et\/hinnakiri\/","og_locale":"et_EE","og_type":"article","og_title":"Hinnakiri","og_description":"AUTOPROF TEENUSTE HINNAKIRI 2025 NR. KIRJELDUS KOGUS HIND, EUR 1 Remondit\u00f6\u00f6d (s\u00f5iduautod)* 1 tund 53.00 2 Remondit\u00f6\u00f6d (kaubikud, maasturid)** 1 tund 56.00 3 WEBASTO veakoodide lugemine (0,5 tundi) 1 tk 41.00 4 Hooldus s\u00f5iduautodele* 1 tund 53.00 5 Hooldus kaubikutele, maasturitele** 1 tund 56.00 6 WEBASTO hooldustest arvutiga (1 tund) 1 tk 61.00 7 Auto [&hellip;]","og_url":"https:\/\/www.autoprof.ee\/et\/hinnakiri\/","og_site_name":"Autoprof","article_publisher":"https:\/\/www.facebook.com\/autoprofautoteenindus","article_modified_time":"2025-11-14T16:26:24+00:00","og_image":[{"width":512,"height":512,"url":"https:\/\/www.autoprof.ee\/wp-content\/uploads\/2020\/07\/favicon.jpg","type":"image\/jpeg"}],"twitter_card":"summary_large_image","twitter_misc":{"Est. reading time":"4 minutit"},"schema":{"@context":"https:\/\/schema.org","@graph":[{"@type":"WebPage","@id":"https:\/\/www.autoprof.ee\/et\/hinnakiri\/","url":"https:\/\/www.autoprof.ee\/et\/hinnakiri\/","name":"Hinnakiri - Autoprof","isPartOf":{"@id":"https:\/\/www.autoprof.ee\/et\/#website"},"primaryImageOfPage":{"@id":"https:\/\/www.autoprof.ee\/et\/hinnakiri\/#primaryimage"},"image":{"@id":"https:\/\/www.autoprof.ee\/et\/hinnakiri\/#primaryimage"},"thumbnailUrl":"https:\/\/www.autoprof.ee\/wp-content\/uploads\/2020\/07\/favicon.jpg","datePublished":"2020-06-12T08:25:33+00:00","dateModified":"2025-11-14T16:26:24+00:00","breadcrumb":{"@id":"https:\/\/www.autoprof.ee\/et\/hinnakiri\/#breadcrumb"},"inLanguage":"et","potentialAction":[{"@type":"ReadAction","target":["https:\/\/www.autoprof.ee\/et\/hinnakiri\/"]}]},{"@type":"ImageObject","inLanguage":"et","@id":"https:\/\/www.autoprof.ee\/et\/hinnakiri\/#primaryimage","url":"https:\/\/www.autoprof.ee\/wp-content\/uploads\/2020\/07\/favicon.jpg","contentUrl":"https:\/\/www.autoprof.ee\/wp-content\/uploads\/2020\/07\/favicon.jpg","width":512,"height":512,"caption":"favicon"},{"@type":"BreadcrumbList","@id":"https:\/\/www.autoprof.ee\/et\/hinnakiri\/#breadcrumb","itemListElement":[{"@type":"ListItem","position":1,"name":"Avaleht","item":"https:\/\/www.autoprof.ee\/et\/"},{"@type":"ListItem","position":2,"name":"Hinnakiri"}]},{"@type":"WebSite","@id":"https:\/\/www.autoprof.ee\/et\/#website","url":"https:\/\/www.autoprof.ee\/et\/","name":"Autoprof","description":"Autoremont ja Autoteenindus","publisher":{"@id":"https:\/\/www.autoprof.ee\/et\/#organization"},"potentialAction":[{"@type":"SearchAction","target":{"@type":"EntryPoint","urlTemplate":"https:\/\/www.autoprof.ee\/et\/?s={search_term_string}"},"query-input":{"@type":"PropertyValueSpecification","valueRequired":true,"valueName":"search_term_string"}}],"inLanguage":"et"},{"@type":"Organization","@id":"https:\/\/www.autoprof.ee\/et\/#organization","name":"AutoProf Autoteenindus","url":"https:\/\/www.autoprof.ee\/et\/","logo":{"@type":"ImageObject","inLanguage":"et","@id":"https:\/\/www.autoprof.ee\/et\/#\/schema\/logo\/image\/","url":"https:\/\/www.autoprof.ee\/wp-content\/uploads\/2020\/07\/favicon.jpg","contentUrl":"https:\/\/www.autoprof.ee\/wp-content\/uploads\/2020\/07\/favicon.jpg","width":512,"height":512,"caption":"AutoProf Autoteenindus"},"image":{"@id":"https:\/\/www.autoprof.ee\/et\/#\/schema\/logo\/image\/"},"sameAs":["https:\/\/www.facebook.com\/autoprofautoteenindus","https:\/\/www.instagram.com\/autoprof.ee","https:\/\/www.youtube.com\/channel\/UCwWwJw8FD-j5drMclm-yLSg"]}]}},"_links":{"self":[{"href":"https:\/\/www.autoprof.ee\/et\/wp-json\/wp\/v2\/pages\/208"}],"collection":[{"href":"https:\/\/www.autoprof.ee\/et\/wp-json\/wp\/v2\/pages"}],"about":[{"href":"https:\/\/www.autoprof.ee\/et\/wp-json\/wp\/v2\/types\/page"}],"author":[{"embeddable":true,"href":"https:\/\/www.autoprof.ee\/et\/wp-json\/wp\/v2\/users\/2"}],"replies":[{"embeddable":true,"href":"https:\/\/www.autoprof.ee\/et\/wp-json\/wp\/v2\/comments?post=208"}],"version-history":[{"count":185,"href":"https:\/\/www.autoprof.ee\/et\/wp-json\/wp\/v2\/pages\/208\/revisions"}],"predecessor-version":[{"id":4142,"href":"https:\/\/www.autoprof.ee\/et\/wp-json\/wp\/v2\/pages\/208\/revisions\/4142"}],"wp:featuredmedia":[{"embeddable":true,"href":"https:\/\/www.autoprof.ee\/et\/wp-json\/wp\/v2\/media\/760"}],"wp:attachment":[{"href":"https:\/\/www.autoprof.ee\/et\/wp-json\/wp\/v2\/media?parent=208"}],"curies":[{"name":"wp","href":"https:\/\/api.w.org\/{rel}","templated":true}]}}