{"id":1992,"date":"2022-05-26T13:57:23","date_gmt":"2022-05-26T10:57:23","guid":{"rendered":"https:\/\/www.autoprof.ee\/test\/"},"modified":"2024-09-30T10:11:55","modified_gmt":"2024-09-30T07:11:55","slug":"p_teenused","status":"publish","type":"page","link":"https:\/\/www.autoprof.ee\/et\/p_teenused\/","title":{"rendered":"Teenused"},"content":{"rendered":"\t\t<div data-elementor-type=\"archive\" data-elementor-id=\"299\" class=\"elementor elementor-299\" data-elementor-post-type=\"elementor_library\">\n\t\t\t\t\t<section class=\"elementor-section elementor-top-section elementor-element elementor-element-b082e4e elementor-section-height-min-height elementor-section-boxed elementor-section-height-default elementor-section-items-middle\" data-id=\"b082e4e\" data-element_type=\"section\" data-settings=\"{&quot;background_background&quot;:&quot;classic&quot;,&quot;background_image&quot;:{&quot;url&quot;:&quot;https:\\\/\\\/stg.blueglass.ee\\\/autoprof\\\/wp-content\\\/uploads\\\/2020\\\/06\\\/2019-09-19-07.31.24-HDR-1.jpg&quot;,&quot;id&quot;:466,&quot;size&quot;:&quot;&quot;},&quot;shape_divider_bottom&quot;:&quot;triangle&quot;,&quot;shape_divider_bottom_negative&quot;:&quot;yes&quot;}\">\n\t\t\t\t\t\t\t<div class=\"elementor-background-overlay\"><\/div>\n\t\t\t\t\t\t<div class=\"elementor-shape elementor-shape-bottom\" aria-hidden=\"true\" data-negative=\"true\">\n\t\t\t<svg xmlns=\"http:\/\/www.w3.org\/2000\/svg\" viewBox=\"0 0 1000 100\" preserveAspectRatio=\"none\">\n\t<path class=\"elementor-shape-fill\" d=\"M500.2,94.7L0,0v100h1000V0L500.2,94.7z\"\/>\n<\/svg>\t\t<\/div>\n\t\t\t\t\t<div class=\"elementor-container elementor-column-gap-default\">\n\t\t\t\t\t<div class=\"elementor-column elementor-col-100 elementor-top-column elementor-element elementor-element-5b24bb2\" data-id=\"5b24bb2\" data-element_type=\"column\">\n\t\t\t<div class=\"elementor-widget-wrap elementor-element-populated\">\n\t\t\t\t\t\t<div class=\"elementor-element elementor-element-794e704 elementor-widget elementor-widget-heading\" data-id=\"794e704\" data-element_type=\"widget\" data-widget_type=\"heading.default\">\n\t\t\t\t<div class=\"elementor-widget-container\">\n\t\t\t\t\t<h1 class=\"elementor-heading-title elementor-size-default\">Teenused<\/h1>\t\t\t\t<\/div>\n\t\t\t\t<\/div>\n\t\t\t\t\t<\/div>\n\t\t<\/div>\n\t\t\t\t\t<\/div>\n\t\t<\/section>\n\t\t\t\t<section class=\"elementor-section elementor-top-section elementor-element elementor-element-7b86473 elementor-section-boxed elementor-section-height-default elementor-section-height-default\" data-id=\"7b86473\" data-element_type=\"section\">\n\t\t\t\t\t\t<div class=\"elementor-container elementor-column-gap-default\">\n\t\t\t\t\t<div class=\"elementor-column elementor-col-100 elementor-top-column elementor-element elementor-element-5cd301f\" data-id=\"5cd301f\" data-element_type=\"column\">\n\t\t\t<div class=\"elementor-widget-wrap elementor-element-populated\">\n\t\t\t\t\t\t<div class=\"elementor-element elementor-element-46df083 elementor-widget elementor-widget-text-editor\" data-id=\"46df083\" data-element_type=\"widget\" data-widget_type=\"text-editor.default\">\n\t\t\t\t<div class=\"elementor-widget-container\">\n\t\t\t\t\t\t\t\t\t<p>Meil on hea meel tervitada Teid\u00a0<strong>AutoProf<\/strong> hoolduskeskuses ja pakkuda laia valikut erinevaid teenuseid<\/p><p>Teie auto hoolduse, diagnostika\u00a0ja remondi teostamiseks.<\/p><p>Meie firma on valmis pakkuma Teile j\u00e4rgnevaid teenuseid:<\/p>\t\t\t\t\t\t\t\t<\/div>\n\t\t\t\t<\/div>\n\t\t\t\t<div class=\"elementor-element elementor-element-2bf0747 elementor-posts--thumbnail-none elementor-posts--align-center elementor-grid-3 elementor-grid-tablet-2 elementor-grid-mobile-1 elementor-posts__hover-gradient elementor-widget elementor-widget-posts\" data-id=\"2bf0747\" data-element_type=\"widget\" data-settings=\"{&quot;cards_columns&quot;:&quot;3&quot;,&quot;cards_columns_tablet&quot;:&quot;2&quot;,&quot;cards_columns_mobile&quot;:&quot;1&quot;,&quot;cards_row_gap&quot;:{&quot;unit&quot;:&quot;px&quot;,&quot;size&quot;:35,&quot;sizes&quot;:[]},&quot;cards_row_gap_tablet&quot;:{&quot;unit&quot;:&quot;px&quot;,&quot;size&quot;:&quot;&quot;,&quot;sizes&quot;:[]},&quot;cards_row_gap_mobile&quot;:{&quot;unit&quot;:&quot;px&quot;,&quot;size&quot;:&quot;&quot;,&quot;sizes&quot;:[]}}\" data-widget_type=\"posts.cards\">\n\t\t\t\t<div class=\"elementor-widget-container\">\n\t\t\t\t\t\t\t<div class=\"elementor-posts-container elementor-posts elementor-posts--skin-cards elementor-grid\" role=\"list\">\n\t\t\t\t<article class=\"elementor-post elementor-grid-item post-347 services_n type-services_n status-publish has-post-thumbnail hentry categoria_auto----ee categoria_auto---ee\" role=\"listitem\">\n\t\t\t<div class=\"elementor-post__card\">\n\t\t\t\t<div class=\"elementor-post__text\">\n\t\t\t\t<h3 class=\"elementor-post__title\">\n\t\t\t<a href=\"https:\/\/www.autoprof.ee\/et\/services-n\/rehvitood\/\" >\n\t\t\t\tREHVIVAHETUS \/ REHVIT\u00d6\u00d6D\t\t\t<\/a>\n\t\t<\/h3>\n\t\t\t\t<\/div>\n\t\t\t\t\t<\/div>\n\t\t<\/article>\n\t\t\t\t<article class=\"elementor-post elementor-grid-item post-315 services_n type-services_n status-publish has-post-thumbnail hentry categoria_auto----ee categoria_auto---ee\" role=\"listitem\">\n\t\t\t<div class=\"elementor-post__card\">\n\t\t\t\t<div class=\"elementor-post__text\">\n\t\t\t\t<h3 class=\"elementor-post__title\">\n\t\t\t<a href=\"https:\/\/www.autoprof.ee\/et\/services-n\/veermiku-remont-ja-hooldus\/\" >\n\t\t\t\tVEERMIKU REMONT JA HOOLDUS\t\t\t<\/a>\n\t\t<\/h3>\n\t\t\t\t<\/div>\n\t\t\t\t\t<\/div>\n\t\t<\/article>\n\t\t\t\t<article class=\"elementor-post elementor-grid-item post-2972 services_n type-services_n status-publish hentry categoria_auto----ee categoria_auto---ee\" role=\"listitem\">\n\t\t\t<div class=\"elementor-post__card\">\n\t\t\t\t<div class=\"elementor-post__text\">\n\t\t\t\t<h3 class=\"elementor-post__title\">\n\t\t\t<a href=\"https:\/\/www.autoprof.ee\/et\/services-n\/kardaan\/\" >\n\t\t\t\tKARDAANI PARANDUS JA ASENDAMINE\t\t\t<\/a>\n\t\t<\/h3>\n\t\t\t\t<\/div>\n\t\t\t\t\t<\/div>\n\t\t<\/article>\n\t\t\t\t<article class=\"elementor-post elementor-grid-item post-335 services_n type-services_n status-publish has-post-thumbnail hentry categoria_auto----ee categoria_auto---ee\" role=\"listitem\">\n\t\t\t<div class=\"elementor-post__card\">\n\t\t\t\t<div class=\"elementor-post__text\">\n\t\t\t\t<h3 class=\"elementor-post__title\">\n\t\t\t<a href=\"https:\/\/www.autoprof.ee\/et\/services-n\/valjalaskesusteemi-diagnostika-ja-remont\/\" >\n\t\t\t\tV\u00c4LJALASKES\u00dcSTEEMI DIAGNOSTIKA JA REMONT\t\t\t<\/a>\n\t\t<\/h3>\n\t\t\t\t<\/div>\n\t\t\t\t\t<\/div>\n\t\t<\/article>\n\t\t\t\t<article class=\"elementor-post elementor-grid-item post-359 services_n type-services_n status-publish has-post-thumbnail hentry categoria_auto----ee categoria_auto---ee\" role=\"listitem\">\n\t\t\t<div class=\"elementor-post__card\">\n\t\t\t\t<div class=\"elementor-post__text\">\n\t\t\t\t<h3 class=\"elementor-post__title\">\n\t\t\t<a href=\"https:\/\/www.autoprof.ee\/et\/services-n\/korraline-hooldus\/\" >\n\t\t\t\tKORRALINE HOOLDUS\t\t\t<\/a>\n\t\t<\/h3>\n\t\t\t\t<\/div>\n\t\t\t\t\t<\/div>\n\t\t<\/article>\n\t\t\t\t<article class=\"elementor-post elementor-grid-item post-2644 services_n type-services_n status-publish hentry categoria_auto----ee categoria_auto---ee\" role=\"listitem\">\n\t\t\t<div class=\"elementor-post__card\">\n\t\t\t\t<div class=\"elementor-post__text\">\n\t\t\t\t<h3 class=\"elementor-post__title\">\n\t\t\t<a href=\"https:\/\/www.autoprof.ee\/et\/services-n\/roolilati-remont-ja-vahetamine\/\" >\n\t\t\t\tROOLILATT REMONT JA VAHETAMINE\t\t\t<\/a>\n\t\t<\/h3>\n\t\t\t\t<\/div>\n\t\t\t\t\t<\/div>\n\t\t<\/article>\n\t\t\t\t<article class=\"elementor-post elementor-grid-item post-339 services_n type-services_n status-publish has-post-thumbnail hentry categoria_auto----ee categoria_auto---ee\" role=\"listitem\">\n\t\t\t<div class=\"elementor-post__card\">\n\t\t\t\t<div class=\"elementor-post__text\">\n\t\t\t\t<h3 class=\"elementor-post__title\">\n\t\t\t<a href=\"https:\/\/www.autoprof.ee\/et\/services-n\/elektrieelsoojendite-remont-ja-paigaldus\/\" >\n\t\t\t\tELEKTRIEELSOOJENDITE REMONT JA PAIGALDUS\t\t\t<\/a>\n\t\t<\/h3>\n\t\t\t\t<\/div>\n\t\t\t\t\t<\/div>\n\t\t<\/article>\n\t\t\t\t<article class=\"elementor-post elementor-grid-item post-357 services_n type-services_n status-publish has-post-thumbnail hentry categoria_auto----ee categoria_auto---ee\" role=\"listitem\">\n\t\t\t<div class=\"elementor-post__card\">\n\t\t\t\t<div class=\"elementor-post__text\">\n\t\t\t\t<h3 class=\"elementor-post__title\">\n\t\t\t<a href=\"https:\/\/www.autoprof.ee\/et\/services-n\/keevitustood\/\" >\n\t\t\t\tKEEVITUST\u00d6\u00d6D\t\t\t<\/a>\n\t\t<\/h3>\n\t\t\t\t<\/div>\n\t\t\t\t\t<\/div>\n\t\t<\/article>\n\t\t\t\t<article class=\"elementor-post elementor-grid-item post-337 services_n type-services_n status-publish has-post-thumbnail hentry categoria_auto----ee categoria_auto---ee\" role=\"listitem\">\n\t\t\t<div class=\"elementor-post__card\">\n\t\t\t\t<div class=\"elementor-post__text\">\n\t\t\t\t<h3 class=\"elementor-post__title\">\n\t\t\t<a href=\"https:\/\/www.autoprof.ee\/et\/services-n\/kliimaseadmete-remont-hooldus-ja-taitmine\/\" >\n\t\t\t\tKLIIMASEADMETE REMONT, HOOLDUS JA T\u00c4ITMINE\t\t\t<\/a>\n\t\t<\/h3>\n\t\t\t\t<\/div>\n\t\t\t\t\t<\/div>\n\t\t<\/article>\n\t\t\t\t<article class=\"elementor-post elementor-grid-item post-2620 services_n type-services_n status-publish hentry categoria_auto----ee categoria_auto---ee\" role=\"listitem\">\n\t\t\t<div class=\"elementor-post__card\">\n\t\t\t\t<div class=\"elementor-post__text\">\n\t\t\t\t<h3 class=\"elementor-post__title\">\n\t\t\t<a href=\"https:\/\/www.autoprof.ee\/et\/services-n\/dsg7\/\" >\n\t\t\t\tDSG7 SIDURI VAHETUS\t\t\t<\/a>\n\t\t<\/h3>\n\t\t\t\t<\/div>\n\t\t\t\t\t<\/div>\n\t\t<\/article>\n\t\t\t\t<article class=\"elementor-post elementor-grid-item post-822 services_n type-services_n status-publish hentry categoria_auto----ee categoria_auto---ee\" role=\"listitem\">\n\t\t\t<div class=\"elementor-post__card\">\n\t\t\t\t<div class=\"elementor-post__text\">\n\t\t\t\t<h3 class=\"elementor-post__title\">\n\t\t\t<a href=\"https:\/\/www.autoprof.ee\/et\/services-n\/piduriketaste-ja-klotside-vahetus\/\" >\n\t\t\t\tPIDURIKETASTE JA -KLOTSIDE VAHETUS\t\t\t<\/a>\n\t\t<\/h3>\n\t\t\t\t<\/div>\n\t\t\t\t\t<\/div>\n\t\t<\/article>\n\t\t\t\t<article class=\"elementor-post elementor-grid-item post-292 services_n type-services_n status-publish has-post-thumbnail hentry categoria_auto----ee categoria_auto---ee\" role=\"listitem\">\n\t\t\t<div class=\"elementor-post__card\">\n\t\t\t\t<div class=\"elementor-post__text\">\n\t\t\t\t<h3 class=\"elementor-post__title\">\n\t\t\t<a href=\"https:\/\/www.autoprof.ee\/et\/services-n\/webasto-eberspacher-eelsoojendite-remont\/\" >\n\t\t\t\tWEBASTO \/ EBERSPACHER EELSOOJENDITE REMONT\t\t\t<\/a>\n\t\t<\/h3>\n\t\t\t\t<\/div>\n\t\t\t\t\t<\/div>\n\t\t<\/article>\n\t\t\t\t<article class=\"elementor-post elementor-grid-item post-313 services_n type-services_n status-publish has-post-thumbnail hentry categoria_auto----ee categoria_auto---ee\" role=\"listitem\">\n\t\t\t<div class=\"elementor-post__card\">\n\t\t\t\t<div class=\"elementor-post__text\">\n\t\t\t\t<h3 class=\"elementor-post__title\">\n\t\t\t<a href=\"https:\/\/www.autoprof.ee\/et\/services-n\/bensiin-ja-diiselmootorite-remont-ja-hooldus\/\" >\n\t\t\t\tBENSIIN- JA DIISELMOOTORITE REMONT JA HOOLDUS\t\t\t<\/a>\n\t\t<\/h3>\n\t\t\t\t<\/div>\n\t\t\t\t\t<\/div>\n\t\t<\/article>\n\t\t\t\t<article class=\"elementor-post elementor-grid-item post-365 services_n type-services_n status-publish has-post-thumbnail hentry categoria_auto----ee categoria_auto---ee\" role=\"listitem\">\n\t\t\t<div class=\"elementor-post__card\">\n\t\t\t\t<div class=\"elementor-post__text\">\n\t\t\t\t<h3 class=\"elementor-post__title\">\n\t\t\t<a href=\"https:\/\/www.autoprof.ee\/et\/services-n\/arvutidiagnostika\/\" >\n\t\t\t\tARVUTIDIAGNOSTIKA\t\t\t<\/a>\n\t\t<\/h3>\n\t\t\t\t<\/div>\n\t\t\t\t\t<\/div>\n\t\t<\/article>\n\t\t\t\t<article class=\"elementor-post elementor-grid-item post-361 services_n type-services_n status-publish has-post-thumbnail hentry categoria_auto----ee categoria_auto---ee\" role=\"listitem\">\n\t\t\t<div class=\"elementor-post__card\">\n\t\t\t\t<div class=\"elementor-post__text\">\n\t\t\t\t<h3 class=\"elementor-post__title\">\n\t\t\t<a href=\"https:\/\/www.autoprof.ee\/et\/services-n\/ettevalmistus-tehnoulevaatuseks\/\" >\n\t\t\t\tETTEVALMISTUS TEHNO\u00dcLEVAATUSEKS\t\t\t<\/a>\n\t\t<\/h3>\n\t\t\t\t<\/div>\n\t\t\t\t\t<\/div>\n\t\t<\/article>\n\t\t\t\t<article class=\"elementor-post elementor-grid-item post-363 services_n type-services_n status-publish has-post-thumbnail hentry categoria_auto----ee categoria_auto---ee\" role=\"listitem\">\n\t\t\t<div class=\"elementor-post__card\">\n\t\t\t\t<div class=\"elementor-post__text\">\n\t\t\t\t<h3 class=\"elementor-post__title\">\n\t\t\t<a href=\"https:\/\/www.autoprof.ee\/et\/services-n\/lisaseadmete-paigaldamine\/\" >\n\t\t\t\tLISASEADMETE PAIGALDAMINE\t\t\t<\/a>\n\t\t<\/h3>\n\t\t\t\t<\/div>\n\t\t\t\t\t<\/div>\n\t\t<\/article>\n\t\t\t\t<article class=\"elementor-post elementor-grid-item post-873 services_n type-services_n status-publish hentry categoria_auto----ee categoria_auto---ee\" role=\"listitem\">\n\t\t\t<div class=\"elementor-post__card\">\n\t\t\t\t<div class=\"elementor-post__text\">\n\t\t\t\t<h3 class=\"elementor-post__title\">\n\t\t\t<a href=\"https:\/\/www.autoprof.ee\/et\/services-n\/haagisekonksu-paigaldus\/\" >\n\t\t\t\tHAAGISEKONKSU PAIGALDUS\t\t\t<\/a>\n\t\t<\/h3>\n\t\t\t\t<\/div>\n\t\t\t\t\t<\/div>\n\t\t<\/article>\n\t\t\t\t<article class=\"elementor-post elementor-grid-item post-333 services_n type-services_n status-publish has-post-thumbnail hentry categoria_auto----ee categoria_auto---ee\" role=\"listitem\">\n\t\t\t<div class=\"elementor-post__card\">\n\t\t\t\t<div class=\"elementor-post__text\">\n\t\t\t\t<h3 class=\"elementor-post__title\">\n\t\t\t<a href=\"https:\/\/www.autoprof.ee\/et\/services-n\/pidurisusteemide-remont-ja-hooldus\/\" >\n\t\t\t\tPIDURIS\u00dcSTEEMIDE REMONT JA HOOLDUS\t\t\t<\/a>\n\t\t<\/h3>\n\t\t\t\t<\/div>\n\t\t\t\t\t<\/div>\n\t\t<\/article>\n\t\t\t\t<\/div>\n\t\t\n\t\t\t\t\t\t<\/div>\n\t\t\t\t<\/div>\n\t\t\t\t\t<\/div>\n\t\t<\/div>\n\t\t\t\t\t<\/div>\n\t\t<\/section>\n\t\t\t\t<section class=\"elementor-section elementor-top-section elementor-element elementor-element-5437356 elementor-section-boxed elementor-section-height-default elementor-section-height-default\" data-id=\"5437356\" data-element_type=\"section\">\n\t\t\t\t\t\t<div class=\"elementor-container elementor-column-gap-default\">\n\t\t\t\t\t<div class=\"elementor-column elementor-col-100 elementor-top-column elementor-element elementor-element-fb71d9d\" data-id=\"fb71d9d\" data-element_type=\"column\">\n\t\t\t<div class=\"elementor-widget-wrap elementor-element-populated\">\n\t\t\t\t\t\t<div class=\"elementor-element elementor-element-e70be89 elementor-widget elementor-widget-text-editor\" data-id=\"e70be89\" data-element_type=\"widget\" data-widget_type=\"text-editor.default\">\n\t\t\t\t<div class=\"elementor-widget-container\">\n\t\t\t\t\t\t\t\t\t<header class=\"vc_cta3-content-header\">\n<h2>GARANTII<\/h2>\n<\/header>Firma annab garantii teostatud t\u00f6\u00f6dele ning paigaldatud varuosadele. <strong>AutoProf\u00a0<\/strong>keskuse spetsialistid t\u00f6\u00f6tavad erinevate tootjate autodega (euroopa, korea, jaapani, ameerika jt.) Teenuste valik suureneb pidevalt. T\u00e4psemat infot teenuste kohta saate teada telefoni teel (+372) 600 4077 (samas on v\u00f5imalik broneerida aeg hooldust\u00f6\u00f6dele).\t\t\t\t\t\t\t\t<\/div>\n\t\t\t\t<\/div>\n\t\t\t\t\t<\/div>\n\t\t<\/div>\n\t\t\t\t\t<\/div>\n\t\t<\/section>\n\t\t\t\t<\/div>\n\t\t\n","protected":false},"excerpt":{"rendered":"","protected":false},"author":9,"featured_media":0,"parent":0,"menu_order":0,"comment_status":"closed","ping_status":"closed","template":"","meta":{"_acf_changed":false,"inline_featured_image":false,"footnotes":""},"class_list":["post-1992","page","type-page","status-publish","hentry"],"acf":[],"yoast_head":"<!-- This site is optimized with the Yoast SEO Premium plugin v23.5 (Yoast SEO v23.6) - https:\/\/yoast.com\/wordpress\/plugins\/seo\/ -->\n<title>Teenused - Autoprof<\/title>\n<meta name=\"robots\" content=\"index, follow, max-snippet:-1, max-image-preview:large, max-video-preview:-1\" \/>\n<link rel=\"canonical\" href=\"https:\/\/www.autoprof.ee\/et\/services\/\" \/>\n<meta property=\"og:locale\" content=\"et_EE\" \/>\n<meta property=\"og:type\" content=\"article\" \/>\n<meta property=\"og:title\" content=\"Teenused\" \/>\n<meta property=\"og:url\" content=\"https:\/\/www.autoprof.ee\/et\/services\/\" \/>\n<meta property=\"og:site_name\" content=\"Autoprof\" \/>\n<meta property=\"article:publisher\" content=\"https:\/\/www.facebook.com\/autoprofautoteenindus\" \/>\n<meta property=\"article:modified_time\" content=\"2024-09-30T07:11:55+00:00\" \/>\n<meta name=\"twitter:card\" content=\"summary_large_image\" \/>\n<meta name=\"twitter:label1\" content=\"Est. reading time\" \/>\n\t<meta name=\"twitter:data1\" content=\"1 minut\" \/>\n<!-- \/ Yoast SEO Premium plugin. -->","yoast_head_json":{"title":"Teenused - Autoprof","robots":{"index":"index","follow":"follow","max-snippet":"max-snippet:-1","max-image-preview":"max-image-preview:large","max-video-preview":"max-video-preview:-1"},"canonical":"https:\/\/www.autoprof.ee\/et\/services\/","og_locale":"et_EE","og_type":"article","og_title":"Teenused","og_url":"https:\/\/www.autoprof.ee\/et\/services\/","og_site_name":"Autoprof","article_publisher":"https:\/\/www.facebook.com\/autoprofautoteenindus","article_modified_time":"2024-09-30T07:11:55+00:00","twitter_card":"summary_large_image","twitter_misc":{"Est. reading time":"1 minut"},"schema":{"@context":"https:\/\/schema.org","@graph":[{"@type":"WebPage","@id":"https:\/\/www.autoprof.ee\/et\/p_teenused\/","url":"https:\/\/www.autoprof.ee\/et\/services\/","name":"Teenused - Autoprof","isPartOf":{"@id":"https:\/\/www.autoprof.ee\/et\/#website"},"datePublished":"2022-05-26T10:57:23+00:00","dateModified":"2024-09-30T07:11:55+00:00","breadcrumb":{"@id":"https:\/\/www.autoprof.ee\/et\/services\/#breadcrumb"},"inLanguage":"et","potentialAction":[{"@type":"ReadAction","target":["https:\/\/www.autoprof.ee\/et\/services\/"]}]},{"@type":"BreadcrumbList","@id":"https:\/\/www.autoprof.ee\/et\/services\/#breadcrumb","itemListElement":[{"@type":"ListItem","position":1,"name":"Avaleht","item":"https:\/\/www.autoprof.ee\/et\/"},{"@type":"ListItem","position":2,"name":"Teenused"}]},{"@type":"WebSite","@id":"https:\/\/www.autoprof.ee\/et\/#website","url":"https:\/\/www.autoprof.ee\/et\/","name":"Autoprof","description":"Autoremont ja Autoteenindus","publisher":{"@id":"https:\/\/www.autoprof.ee\/et\/#organization"},"potentialAction":[{"@type":"SearchAction","target":{"@type":"EntryPoint","urlTemplate":"https:\/\/www.autoprof.ee\/et\/?s={search_term_string}"},"query-input":{"@type":"PropertyValueSpecification","valueRequired":true,"valueName":"search_term_string"}}],"inLanguage":"et"},{"@type":"Organization","@id":"https:\/\/www.autoprof.ee\/et\/#organization","name":"AutoProf Autoteenindus","url":"https:\/\/www.autoprof.ee\/et\/","logo":{"@type":"ImageObject","inLanguage":"et","@id":"https:\/\/www.autoprof.ee\/et\/#\/schema\/logo\/image\/","url":"https:\/\/www.autoprof.ee\/wp-content\/uploads\/2020\/07\/favicon.jpg","contentUrl":"https:\/\/www.autoprof.ee\/wp-content\/uploads\/2020\/07\/favicon.jpg","width":512,"height":512,"caption":"AutoProf Autoteenindus"},"image":{"@id":"https:\/\/www.autoprof.ee\/et\/#\/schema\/logo\/image\/"},"sameAs":["https:\/\/www.facebook.com\/autoprofautoteenindus","https:\/\/www.instagram.com\/autoprof.ee","https:\/\/www.youtube.com\/channel\/UCwWwJw8FD-j5drMclm-yLSg"]}]}},"_links":{"self":[{"href":"https:\/\/www.autoprof.ee\/et\/wp-json\/wp\/v2\/pages\/1992"}],"collection":[{"href":"https:\/\/www.autoprof.ee\/et\/wp-json\/wp\/v2\/pages"}],"about":[{"href":"https:\/\/www.autoprof.ee\/et\/wp-json\/wp\/v2\/types\/page"}],"author":[{"embeddable":true,"href":"https:\/\/www.autoprof.ee\/et\/wp-json\/wp\/v2\/users\/9"}],"replies":[{"embeddable":true,"href":"https:\/\/www.autoprof.ee\/et\/wp-json\/wp\/v2\/comments?post=1992"}],"version-history":[{"count":3,"href":"https:\/\/www.autoprof.ee\/et\/wp-json\/wp\/v2\/pages\/1992\/revisions"}],"predecessor-version":[{"id":2287,"href":"https:\/\/www.autoprof.ee\/et\/wp-json\/wp\/v2\/pages\/1992\/revisions\/2287"}],"wp:attachment":[{"href":"https:\/\/www.autoprof.ee\/et\/wp-json\/wp\/v2\/media?parent=1992"}],"curies":[{"name":"wp","href":"https:\/\/api.w.org\/{rel}","templated":true}]}}