{"id":197,"date":"2020-06-12T10:33:47","date_gmt":"2020-06-12T07:33:47","guid":{"rendered":"https:\/\/stg.blueglass.ee\/autoprof\/?page_id=197"},"modified":"2021-06-16T16:16:42","modified_gmt":"2021-06-16T13:16:42","slug":"ettevottest","status":"publish","type":"page","link":"https:\/\/www.autoprof.ee\/et\/ettevottest\/","title":{"rendered":"Ettev\u00f5ttest"},"content":{"rendered":"\t\t<div data-elementor-type=\"wp-page\" data-elementor-id=\"197\" class=\"elementor elementor-197\" data-elementor-post-type=\"page\">\n\t\t\t\t\t\t<section class=\"elementor-section elementor-top-section elementor-element elementor-element-5b85f35 elementor-section-height-min-height elementor-section-boxed elementor-section-height-default elementor-section-items-middle\" data-id=\"5b85f35\" data-element_type=\"section\" data-settings=\"{&quot;background_background&quot;:&quot;classic&quot;,&quot;shape_divider_bottom&quot;:&quot;triangle&quot;,&quot;shape_divider_bottom_negative&quot;:&quot;yes&quot;,&quot;background_image&quot;:{&quot;url&quot;:&quot;&quot;,&quot;id&quot;:&quot;&quot;,&quot;size&quot;:&quot;&quot;}}\">\n\t\t\t\t\t\t\t<div class=\"elementor-background-overlay\"><\/div>\n\t\t\t\t\t\t<div class=\"elementor-shape elementor-shape-bottom\" aria-hidden=\"true\" data-negative=\"true\">\n\t\t\t<svg xmlns=\"http:\/\/www.w3.org\/2000\/svg\" viewBox=\"0 0 1000 100\" preserveAspectRatio=\"none\">\n\t<path class=\"elementor-shape-fill\" d=\"M500.2,94.7L0,0v100h1000V0L500.2,94.7z\"\/>\n<\/svg>\t\t<\/div>\n\t\t\t\t\t<div class=\"elementor-container elementor-column-gap-default\">\n\t\t\t\t\t<div class=\"elementor-column elementor-col-100 elementor-top-column elementor-element elementor-element-beea384\" data-id=\"beea384\" data-element_type=\"column\">\n\t\t\t<div class=\"elementor-widget-wrap elementor-element-populated\">\n\t\t\t\t\t\t<div class=\"elementor-element elementor-element-b1cef9f elementor-widget elementor-widget-heading\" data-id=\"b1cef9f\" data-element_type=\"widget\" data-widget_type=\"heading.default\">\n\t\t\t\t<div class=\"elementor-widget-container\">\n\t\t\t\t\t<h1 class=\"elementor-heading-title elementor-size-default\">Ettev\u00f5ttest<\/h1>\t\t\t\t<\/div>\n\t\t\t\t<\/div>\n\t\t\t\t\t<\/div>\n\t\t<\/div>\n\t\t\t\t\t<\/div>\n\t\t<\/section>\n\t\t\t\t<section class=\"elementor-section elementor-top-section elementor-element elementor-element-06f3fca elementor-section-boxed elementor-section-height-default elementor-section-height-default\" data-id=\"06f3fca\" data-element_type=\"section\" data-settings=\"{&quot;background_background&quot;:&quot;classic&quot;,&quot;background_image&quot;:{&quot;url&quot;:&quot;&quot;,&quot;id&quot;:&quot;&quot;,&quot;size&quot;:&quot;&quot;}}\">\n\t\t\t\t\t\t<div class=\"elementor-container elementor-column-gap-default\">\n\t\t\t\t\t<div class=\"elementor-column elementor-col-100 elementor-top-column elementor-element elementor-element-0ceb673\" data-id=\"0ceb673\" data-element_type=\"column\">\n\t\t\t<div class=\"elementor-widget-wrap elementor-element-populated\">\n\t\t\t\t\t\t<div class=\"elementor-element elementor-element-8e289b0 elementor-align-left elementor-widget elementor-widget-breadcrumbs\" data-id=\"8e289b0\" data-element_type=\"widget\" data-widget_type=\"breadcrumbs.default\">\n\t\t\t\t<div class=\"elementor-widget-container\">\n\t\t\t\t\t<p id=\"breadcrumbs\"><span><span><a href=\"https:\/\/www.autoprof.ee\/et\/\">Avaleht<\/a><\/span><\/span><\/p>\t\t\t\t<\/div>\n\t\t\t\t<\/div>\n\t\t\t\t\t<\/div>\n\t\t<\/div>\n\t\t\t\t\t<\/div>\n\t\t<\/section>\n\t\t\t\t<section class=\"elementor-section elementor-top-section elementor-element elementor-element-8092af3 elementor-section-boxed elementor-section-height-default elementor-section-height-default\" data-id=\"8092af3\" data-element_type=\"section\">\n\t\t\t\t\t\t<div class=\"elementor-container elementor-column-gap-default\">\n\t\t\t\t\t<div class=\"elementor-column elementor-col-50 elementor-top-column elementor-element elementor-element-253c8ac\" data-id=\"253c8ac\" data-element_type=\"column\">\n\t\t\t<div class=\"elementor-widget-wrap elementor-element-populated\">\n\t\t\t\t\t\t<div class=\"elementor-element elementor-element-5b703aa elementor-widget elementor-widget-heading\" data-id=\"5b703aa\" data-element_type=\"widget\" data-widget_type=\"heading.default\">\n\t\t\t\t<div class=\"elementor-widget-container\">\n\t\t\t\t\t<h2 class=\"elementor-heading-title elementor-size-default\">Meie t\u00f6\u00f6tame Teie jaoks!\n<\/h2>\t\t\t\t<\/div>\n\t\t\t\t<\/div>\n\t\t\t\t<div class=\"elementor-element elementor-element-5389939 elementor-widget elementor-widget-text-editor\" data-id=\"5389939\" data-element_type=\"widget\" data-widget_type=\"text-editor.default\">\n\t\t\t\t<div class=\"elementor-widget-container\">\n\t\t\t\t\t\t\t\t\t<div class=\"wpb_column vc_column_container vc_col-sm-12\"><div class=\"vc_column-inner\"><div class=\"wpb_wrapper\"><div class=\"sc_section\"><div class=\"sc_content content_wrap\"><div class=\"sc_section column-1_1\"><div class=\"sc_dropcaps sc_dropcaps_style_4\"><div class=\"wpb_text_column wpb_content_element \"><div class=\"wpb_wrapper\"><p>Firma\u00a0<strong>AutoProf\u00a0<\/strong>oli asutatud\u00a02006 aastal ning arenes ja t\u00e4iendas ennast pidevalt kogu aja v\u00e4ltel. Meie eesm\u00e4rk \u2013 Teie auto kvaliteetne hooldus ja remont tingimata arvestades kliendi soovidega.<\/p><p>Meie jaoks on v\u00e4ga oluline Kliendi arvamus ning heameelega tuleme vastu Teie soovidele ja anname endast parima. T\u00e4naseks p\u00e4evaks meie t\u00f6\u00f6kojas on olemas diagnostika ja remondiseadmed k\u00f5ikide maailma juhtivate autotootjate s\u00f5idukite hoolduseks. Meie keskuse meistrid tunnevad v\u00e4ga h\u00e4sti paljude autode ise\u00e4rasusi. Meil on suur kogemus, samas ka hulk teoreetilisi ja praktilisi teadmisi ning oskusi vajalike remonditeenuste osutamisel k\u00f5rgel tasemel. Meie firma personal t\u00e4iendab j\u00e4rjekindlalt oma kvalifikatsiooni nii praktilise kogemuse kaudu kui ka tehnikaalaseid seminaride l\u00e4bimisel.<\/p><\/div><\/div><\/div><\/div><\/div><\/div><\/div><\/div><\/div><div class=\"wpb_column vc_column_container vc_col-sm-12\"><div class=\"vc_column-inner\"><div class=\"wpb_wrapper\"><div class=\"sc_section column-1_1\"><div class=\"sc_dropcaps sc_dropcaps_style_1\"><div class=\"wpb_text_column wpb_content_element \"><div class=\"wpb_wrapper\"><p>Autode remondiks kasutame vajalikke varuosi ja lisavarustusi Eesti, Soome ja Euroopa hulgiladudest, mis v\u00f5imaldab k\u00e4tte saada neid optimaalse t\u00e4htaja ning konkurentsiv\u00f5imeliste hindadega.<\/p><\/div><\/div><\/div><div class=\"sc_dropcaps sc_dropcaps_style_1\"><div class=\"wpb_text_column wpb_content_element \"><div class=\"wpb_wrapper\"><p>Firma\u00a0<strong>AutoProf<\/strong>\u00a0t\u00f6\u00f6 peaprintsiip \u2013 kanda hoolt iga kliendi eest ning pakkuda teenuseid nii, et meid v\u00f5iks soovitada oma s\u00f5pradele ja tuttavatele.<\/p><\/div><\/div><\/div><\/div><div class=\"sc_section column-1_1\"><div class=\"sc_dropcaps sc_dropcaps_style_1\"><div class=\"wpb_text_column wpb_content_element \"><div class=\"wpb_wrapper\"><p>Remondit\u00f6\u00f6d alustatakse Teie auto hoolika diagnostika tulemuste alusel. Spetsiaalsed arvutiprogrammid aitavad k\u00fcllaltki kiiresti ja t\u00e4pselt m\u00e4\u00e4rata probleemseid kohti ning modelleerida just Teie autole sobivat remondi individuaalkava.<\/p><div class=\"vc_row wpb_row vc_row-fluid\"><div class=\"wpb_column vc_column_container vc_col-sm-12\"><div class=\"vc_column-inner\"><div class=\"wpb_wrapper\"><div class=\"sc_section column-1_1\"><div class=\"sc_dropcaps sc_dropcaps_style_1\"><div class=\"wpb_text_column wpb_content_element \"><div class=\"wpb_wrapper\"><p>Remondi- ja hooldust\u00f6\u00f6de, vajalike varuosade ning kulumaterjalide hinnad arvestatakse eelnevalt ja lahti kirjutatakse remondit\u00f6\u00f6de tellimislehele, mis sisaldab endas t\u00f6\u00f6de \u00fcksikasjalikku kulude nimekirja, ja arvestatakse l\u00e4htudes \u00fchetunnise tariifi hinnast k\u00f5ikide t\u00f6\u00f6de kohta.<\/p><\/div><\/div><\/div><\/div><\/div><\/div><\/div><\/div><p>Lugupidamisega,<\/p><p>AutoProf<br \/>Telefon: <a href=\"tel:+372 600 4321\">+372 600 4077<\/a> (English, Estonian, Russian)<br \/>Email: <a href=\"mailto:varuosad@autoprof.ee\">varuosad@autoprof.ee<\/a><\/p><\/div><\/div><\/div><\/div><\/div><\/div><\/div>\t\t\t\t\t\t\t\t<\/div>\n\t\t\t\t<\/div>\n\t\t\t\t<div class=\"elementor-element elementor-element-9916d3d elementor-view-stacked elementor-position-left elementor-shape-circle elementor-mobile-position-top elementor-widget elementor-widget-icon-box\" data-id=\"9916d3d\" data-element_type=\"widget\" data-widget_type=\"icon-box.default\">\n\t\t\t\t<div class=\"elementor-widget-container\">\n\t\t\t\t\t\t\t<div class=\"elementor-icon-box-wrapper\">\n\n\t\t\t\t\t\t<div class=\"elementor-icon-box-icon\">\n\t\t\t\t<span  class=\"elementor-icon\">\n\t\t\t\t<i aria-hidden=\"true\" class=\"fas fa-info\"><\/i>\t\t\t\t<\/span>\n\t\t\t<\/div>\n\t\t\t\n\t\t\t\t\t\t<div class=\"elementor-icon-box-content\">\n\n\t\t\t\t\t\t\t\t\t<h3 class=\"elementor-icon-box-title\">\n\t\t\t\t\t\t<span  >\n\t\t\t\t\t\t\tOLULINE T\u00c4PSUSTUS:\t\t\t\t\t\t<\/span>\n\t\t\t\t\t<\/h3>\n\t\t\t\t\n\t\t\t\t\t\t\t\t\t<p class=\"elementor-icon-box-description\">\n\t\t\t\t\t\tTelefonitsi \u00f6eldud hinnad on orienteerivad.  Faktiline hind m\u00e4\u00e4ratakse ainult diagnostika tulemuste alusel. Kuid aga peidetud defekte pole tihtipeale v\u00f5imalik m\u00e4\u00e4ratleda diagnostika k\u00e4igus, sel juhul l\u00f5pphinna saab teada ainult auto remonditava osa demonteerimise.\t\t\t\t\t<\/p>\n\t\t\t\t\n\t\t\t<\/div>\n\t\t\t\n\t\t<\/div>\n\t\t\t\t\t\t<\/div>\n\t\t\t\t<\/div>\n\t\t\t\t<div class=\"elementor-element elementor-element-635e6a8 elementor-view-stacked elementor-position-left elementor-shape-circle elementor-mobile-position-top elementor-widget elementor-widget-icon-box\" data-id=\"635e6a8\" data-element_type=\"widget\" data-widget_type=\"icon-box.default\">\n\t\t\t\t<div class=\"elementor-widget-container\">\n\t\t\t\t\t\t\t<div class=\"elementor-icon-box-wrapper\">\n\n\t\t\t\t\t\t<div class=\"elementor-icon-box-icon\">\n\t\t\t\t<span  class=\"elementor-icon\">\n\t\t\t\t<i aria-hidden=\"true\" class=\"fas fa-exclamation-triangle\"><\/i>\t\t\t\t<\/span>\n\t\t\t<\/div>\n\t\t\t\n\t\t\t\t\t\t<div class=\"elementor-icon-box-content\">\n\n\t\t\t\t\t\t\t\t\t<h3 class=\"elementor-icon-box-title\">\n\t\t\t\t\t\t<span  >\n\t\t\t\t\t\t\tT\u00c4HELEPANU!\t\t\t\t\t\t<\/span>\n\t\t\t\t\t<\/h3>\n\t\t\t\t\n\t\t\t\t\t\t\t\t\t<p class=\"elementor-icon-box-description\">\n\t\t\t\t\t\tMe ei kasuta ebakvaliteetseid lisavarustusi ja varuosi, kuna selle kasutamisel pole v\u00f5imalik saada vastava taseme l\u00f5plikku tulemust.\n\n\t\t\t\t\t<\/p>\n\t\t\t\t\n\t\t\t<\/div>\n\t\t\t\n\t\t<\/div>\n\t\t\t\t\t\t<\/div>\n\t\t\t\t<\/div>\n\t\t\t\t\t<\/div>\n\t\t<\/div>\n\t\t\t\t<div class=\"elementor-column elementor-col-50 elementor-top-column elementor-element elementor-element-3950474\" data-id=\"3950474\" data-element_type=\"column\">\n\t\t\t<div class=\"elementor-widget-wrap elementor-element-populated\">\n\t\t\t\t\t\t<div class=\"elementor-element elementor-element-cfc79fb animated-fast elementor-invisible elementor-widget elementor-widget-image\" data-id=\"cfc79fb\" data-element_type=\"widget\" data-settings=\"{&quot;_animation&quot;:&quot;fadeInRight&quot;}\" data-widget_type=\"image.default\">\n\t\t\t\t<div class=\"elementor-widget-container\">\n\t\t\t\t\t\t\t\t\t\t\t\t\t\t\t<img fetchpriority=\"high\" decoding=\"async\" width=\"800\" height=\"506\" src=\"https:\/\/www.autoprof.ee\/wp-content\/uploads\/2020\/06\/Screenshot-2020-06-12-at-16.03.05-1024x648.png\" class=\"attachment-large size-large wp-image-256\" alt=\"autoprof autoremont n\u00f5mme\" srcset=\"https:\/\/www.autoprof.ee\/wp-content\/uploads\/2020\/06\/Screenshot-2020-06-12-at-16.03.05-1024x648.png 1024w, https:\/\/www.autoprof.ee\/wp-content\/uploads\/2020\/06\/Screenshot-2020-06-12-at-16.03.05-300x190.png 300w, https:\/\/www.autoprof.ee\/wp-content\/uploads\/2020\/06\/Screenshot-2020-06-12-at-16.03.05-768x486.png 768w, https:\/\/www.autoprof.ee\/wp-content\/uploads\/2020\/06\/Screenshot-2020-06-12-at-16.03.05.png 1074w\" sizes=\"(max-width: 800px) 100vw, 800px\" \/>\t\t\t\t\t\t\t\t\t\t\t\t\t\t\t<\/div>\n\t\t\t\t<\/div>\n\t\t\t\t<div class=\"elementor-element elementor-element-8053971 animated-fast elementor-invisible elementor-widget elementor-widget-image\" data-id=\"8053971\" data-element_type=\"widget\" data-settings=\"{&quot;_animation&quot;:&quot;fadeInRight&quot;}\" data-widget_type=\"image.default\">\n\t\t\t\t<div class=\"elementor-widget-container\">\n\t\t\t\t\t\t\t\t\t\t\t\t\t\t\t<img decoding=\"async\" width=\"800\" height=\"506\" src=\"https:\/\/www.autoprof.ee\/wp-content\/uploads\/2021\/06\/tesla.jpg\" class=\"attachment-large size-large wp-image-1731\" alt=\"\" srcset=\"https:\/\/www.autoprof.ee\/wp-content\/uploads\/2021\/06\/tesla.jpg 800w, https:\/\/www.autoprof.ee\/wp-content\/uploads\/2021\/06\/tesla-300x190.jpg 300w, https:\/\/www.autoprof.ee\/wp-content\/uploads\/2021\/06\/tesla-768x486.jpg 768w\" sizes=\"(max-width: 800px) 100vw, 800px\" \/>\t\t\t\t\t\t\t\t\t\t\t\t\t\t\t<\/div>\n\t\t\t\t<\/div>\n\t\t\t\t\t<\/div>\n\t\t<\/div>\n\t\t\t\t\t<\/div>\n\t\t<\/section>\n\t\t\t\t<\/div>\n\t\t","protected":false},"excerpt":{"rendered":"<p>Meie t\u00f6\u00f6tame Teie jaoks! Firma\u00a0AutoProf\u00a0oli asutatud\u00a02006 aastal ning arenes ja t\u00e4iendas ennast pidevalt kogu aja v\u00e4ltel. Meie eesm\u00e4rk \u2013 Teie auto kvaliteetne hooldus ja remont tingimata arvestades kliendi soovidega. Meie jaoks on v\u00e4ga oluline Kliendi arvamus ning heameelega tuleme vastu Teie soovidele ja anname endast parima. T\u00e4naseks p\u00e4evaks meie t\u00f6\u00f6kojas on olemas diagnostika ja remondiseadmed [&hellip;]<\/p>\n","protected":false},"author":2,"featured_media":760,"parent":0,"menu_order":0,"comment_status":"closed","ping_status":"closed","template":"","meta":{"_acf_changed":false,"inline_featured_image":false,"footnotes":""},"class_list":["post-197","page","type-page","status-publish","has-post-thumbnail","hentry"],"acf":[],"yoast_head":"<!-- This site is optimized with the Yoast SEO Premium plugin v23.5 (Yoast SEO v23.6) - https:\/\/yoast.com\/wordpress\/plugins\/seo\/ -->\n<title>Ettev\u00f5ttest - Autoprof<\/title>\n<meta name=\"robots\" content=\"index, follow, max-snippet:-1, max-image-preview:large, max-video-preview:-1\" \/>\n<link rel=\"canonical\" href=\"https:\/\/www.autoprof.ee\/et\/ettevottest\/\" \/>\n<meta property=\"og:locale\" content=\"et_EE\" \/>\n<meta property=\"og:type\" content=\"article\" \/>\n<meta property=\"og:title\" content=\"Ettev\u00f5ttest\" \/>\n<meta property=\"og:description\" content=\"Meie t\u00f6\u00f6tame Teie jaoks! Firma\u00a0AutoProf\u00a0oli asutatud\u00a02006 aastal ning arenes ja t\u00e4iendas ennast pidevalt kogu aja v\u00e4ltel. Meie eesm\u00e4rk \u2013 Teie auto kvaliteetne hooldus ja remont tingimata arvestades kliendi soovidega. Meie jaoks on v\u00e4ga oluline Kliendi arvamus ning heameelega tuleme vastu Teie soovidele ja anname endast parima. T\u00e4naseks p\u00e4evaks meie t\u00f6\u00f6kojas on olemas diagnostika ja remondiseadmed [&hellip;]\" \/>\n<meta property=\"og:url\" content=\"https:\/\/www.autoprof.ee\/et\/ettevottest\/\" \/>\n<meta property=\"og:site_name\" content=\"Autoprof\" \/>\n<meta property=\"article:publisher\" content=\"https:\/\/www.facebook.com\/autoprofautoteenindus\" \/>\n<meta property=\"article:modified_time\" content=\"2021-06-16T13:16:42+00:00\" \/>\n<meta property=\"og:image\" content=\"https:\/\/www.autoprof.ee\/wp-content\/uploads\/2020\/07\/favicon.jpg\" \/>\n\t<meta property=\"og:image:width\" content=\"512\" \/>\n\t<meta property=\"og:image:height\" content=\"512\" \/>\n\t<meta property=\"og:image:type\" content=\"image\/jpeg\" \/>\n<meta name=\"twitter:card\" content=\"summary_large_image\" \/>\n<meta name=\"twitter:label1\" content=\"Est. reading time\" \/>\n\t<meta name=\"twitter:data1\" content=\"2 minutit\" \/>\n<!-- \/ Yoast SEO Premium plugin. -->","yoast_head_json":{"title":"Ettev\u00f5ttest - Autoprof","robots":{"index":"index","follow":"follow","max-snippet":"max-snippet:-1","max-image-preview":"max-image-preview:large","max-video-preview":"max-video-preview:-1"},"canonical":"https:\/\/www.autoprof.ee\/et\/ettevottest\/","og_locale":"et_EE","og_type":"article","og_title":"Ettev\u00f5ttest","og_description":"Meie t\u00f6\u00f6tame Teie jaoks! Firma\u00a0AutoProf\u00a0oli asutatud\u00a02006 aastal ning arenes ja t\u00e4iendas ennast pidevalt kogu aja v\u00e4ltel. Meie eesm\u00e4rk \u2013 Teie auto kvaliteetne hooldus ja remont tingimata arvestades kliendi soovidega. Meie jaoks on v\u00e4ga oluline Kliendi arvamus ning heameelega tuleme vastu Teie soovidele ja anname endast parima. T\u00e4naseks p\u00e4evaks meie t\u00f6\u00f6kojas on olemas diagnostika ja remondiseadmed [&hellip;]","og_url":"https:\/\/www.autoprof.ee\/et\/ettevottest\/","og_site_name":"Autoprof","article_publisher":"https:\/\/www.facebook.com\/autoprofautoteenindus","article_modified_time":"2021-06-16T13:16:42+00:00","og_image":[{"width":512,"height":512,"url":"https:\/\/www.autoprof.ee\/wp-content\/uploads\/2020\/07\/favicon.jpg","type":"image\/jpeg"}],"twitter_card":"summary_large_image","twitter_misc":{"Est. reading time":"2 minutit"},"schema":{"@context":"https:\/\/schema.org","@graph":[{"@type":"WebPage","@id":"https:\/\/www.autoprof.ee\/et\/ettevottest\/","url":"https:\/\/www.autoprof.ee\/et\/ettevottest\/","name":"Ettev\u00f5ttest - Autoprof","isPartOf":{"@id":"https:\/\/www.autoprof.ee\/et\/#website"},"primaryImageOfPage":{"@id":"https:\/\/www.autoprof.ee\/et\/ettevottest\/#primaryimage"},"image":{"@id":"https:\/\/www.autoprof.ee\/et\/ettevottest\/#primaryimage"},"thumbnailUrl":"https:\/\/www.autoprof.ee\/wp-content\/uploads\/2020\/07\/favicon.jpg","datePublished":"2020-06-12T07:33:47+00:00","dateModified":"2021-06-16T13:16:42+00:00","breadcrumb":{"@id":"https:\/\/www.autoprof.ee\/et\/ettevottest\/#breadcrumb"},"inLanguage":"et","potentialAction":[{"@type":"ReadAction","target":["https:\/\/www.autoprof.ee\/et\/ettevottest\/"]}]},{"@type":"ImageObject","inLanguage":"et","@id":"https:\/\/www.autoprof.ee\/et\/ettevottest\/#primaryimage","url":"https:\/\/www.autoprof.ee\/wp-content\/uploads\/2020\/07\/favicon.jpg","contentUrl":"https:\/\/www.autoprof.ee\/wp-content\/uploads\/2020\/07\/favicon.jpg","width":512,"height":512,"caption":"favicon"},{"@type":"BreadcrumbList","@id":"https:\/\/www.autoprof.ee\/et\/ettevottest\/#breadcrumb","itemListElement":[{"@type":"ListItem","position":1,"name":"Avaleht","item":"https:\/\/www.autoprof.ee\/et\/"},{"@type":"ListItem","position":2,"name":"Ettev\u00f5ttest"}]},{"@type":"WebSite","@id":"https:\/\/www.autoprof.ee\/et\/#website","url":"https:\/\/www.autoprof.ee\/et\/","name":"Autoprof","description":"Autoremont ja Autoteenindus","publisher":{"@id":"https:\/\/www.autoprof.ee\/et\/#organization"},"potentialAction":[{"@type":"SearchAction","target":{"@type":"EntryPoint","urlTemplate":"https:\/\/www.autoprof.ee\/et\/?s={search_term_string}"},"query-input":{"@type":"PropertyValueSpecification","valueRequired":true,"valueName":"search_term_string"}}],"inLanguage":"et"},{"@type":"Organization","@id":"https:\/\/www.autoprof.ee\/et\/#organization","name":"AutoProf Autoteenindus","url":"https:\/\/www.autoprof.ee\/et\/","logo":{"@type":"ImageObject","inLanguage":"et","@id":"https:\/\/www.autoprof.ee\/et\/#\/schema\/logo\/image\/","url":"https:\/\/www.autoprof.ee\/wp-content\/uploads\/2020\/07\/favicon.jpg","contentUrl":"https:\/\/www.autoprof.ee\/wp-content\/uploads\/2020\/07\/favicon.jpg","width":512,"height":512,"caption":"AutoProf Autoteenindus"},"image":{"@id":"https:\/\/www.autoprof.ee\/et\/#\/schema\/logo\/image\/"},"sameAs":["https:\/\/www.facebook.com\/autoprofautoteenindus","https:\/\/www.instagram.com\/autoprof.ee","https:\/\/www.youtube.com\/channel\/UCwWwJw8FD-j5drMclm-yLSg"]}]}},"_links":{"self":[{"href":"https:\/\/www.autoprof.ee\/et\/wp-json\/wp\/v2\/pages\/197"}],"collection":[{"href":"https:\/\/www.autoprof.ee\/et\/wp-json\/wp\/v2\/pages"}],"about":[{"href":"https:\/\/www.autoprof.ee\/et\/wp-json\/wp\/v2\/types\/page"}],"author":[{"embeddable":true,"href":"https:\/\/www.autoprof.ee\/et\/wp-json\/wp\/v2\/users\/2"}],"replies":[{"embeddable":true,"href":"https:\/\/www.autoprof.ee\/et\/wp-json\/wp\/v2\/comments?post=197"}],"version-history":[{"count":5,"href":"https:\/\/www.autoprof.ee\/et\/wp-json\/wp\/v2\/pages\/197\/revisions"}],"predecessor-version":[{"id":1737,"href":"https:\/\/www.autoprof.ee\/et\/wp-json\/wp\/v2\/pages\/197\/revisions\/1737"}],"wp:featuredmedia":[{"embeddable":true,"href":"https:\/\/www.autoprof.ee\/et\/wp-json\/wp\/v2\/media\/760"}],"wp:attachment":[{"href":"https:\/\/www.autoprof.ee\/et\/wp-json\/wp\/v2\/media?parent=197"}],"curies":[{"name":"wp","href":"https:\/\/api.w.org\/{rel}","templated":true}]}}